{"id":1176,"date":"2024-05-02T17:33:19","date_gmt":"2024-05-02T15:33:19","guid":{"rendered":"https:\/\/dt-report.de\/mentions-legales\/"},"modified":"2025-08-27T00:24:28","modified_gmt":"2025-08-26T22:24:28","slug":"mentions-legales","status":"publish","type":"page","link":"https:\/\/dt-report.de\/en\/mentions-legales\/?lang=fr","title":{"rendered":"Mentions l\u00e9gales"},"content":{"rendered":"[et_pb_section fb_built=&#8221;1&#8243; _builder_version=&#8221;4.25.0&#8243; _module_preset=&#8221;default&#8221; global_colors_info=&#8221;{}&#8221;][et_pb_row _builder_version=&#8221;4.25.0&#8243; _module_preset=&#8221;default&#8221; global_colors_info=&#8221;{}&#8221;][et_pb_column type=&#8221;4_4&#8243; _builder_version=&#8221;4.25.0&#8243; _module_preset=&#8221;default&#8221; global_colors_info=&#8221;{}&#8221;][et_pb_text _builder_version=&#8221;4.25.0&#8243; _module_preset=&#8221;default&#8221; global_colors_info=&#8221;{}&#8221;]<h1>Mentions l\u00e9gales<\/h1>\n<p>diateam GmbH<br>Johann-Hammer-Str. 24<br>97980 Bad Mergentheim<\/p>\n<p>Registre du commerce : 746318<br>Tribunal d&#8217;enregistrement : Ulm<\/p>\n<p><strong>Repr\u00e9sent\u00e9 par :<\/strong><br>Prof. Dr. Bernhard Kulzer<\/p>\n<p>Prof. Dr. Lutz Heinemann<\/p>\n<h2>Contact<\/h2>\n<p>T\u00e9l\u00e9phone : +49 7931 96 192 42<br>E-mail : info@diateam.de<\/p>\n<h2>Num\u00e9ro de TVA<\/h2>\n<p>Num\u00e9ro d&#8217;identification TVA conform\u00e9ment au \u00a7 27 a de la loi allemande sur la taxe sur le chiffre d&#8217;affaires :<br>DE361591457<\/p>\n<h2>R\u00e8glement des litiges en ligne de l&#8217;UE<\/h2>\n<p>La Commission europ\u00e9enne met \u00e0 disposition une plateforme de r\u00e8glement des litiges en ligne (RLL) : <a href=\"https:\/\/ec.europa.eu\/consumers\/odr\/\" target=\"_blank\" rel=\"noopener noreferrer\">https:\/\/ec.europa.eu\/consumers\/odr\/<\/a>.<br>Vous trouverez notre adresse e-mail ci-dessus dans les mentions l\u00e9gales.<\/p>\n<h2>R\u00e8glement des litiges de consommation\/Instance de conciliation universelle<\/h2>\n<p>Nous ne sommes ni dispos\u00e9s ni tenus de participer \u00e0 une proc\u00e9dure de r\u00e8glement des litiges devant un organisme de conciliation des consommateurs.<\/p>[\/et_pb_text][et_pb_code _builder_version=&#8221;4.27.0&#8243; _module_preset=&#8221;default&#8221; hover_enabled=&#8221;0&#8243; sticky_enabled=&#8221;0&#8243;]<script type=\"application\/javascript\"> var UC_UI_SUPPRESS_CMP_DISPLAY=true;<\/script>[\/et_pb_code][\/et_pb_column][\/et_pb_row][\/et_pb_section]","protected":false},"excerpt":{"rendered":"<p>Mentions l\u00e9gales diateam GmbHJohann-Hammer-Str. 2497980 Bad Mergentheim Registre du commerce : 746318Tribunal d&#8217;enregistrement : Ulm Repr\u00e9sent\u00e9 par :Prof. Dr. Bernhard Kulzer Prof. Dr. Lutz Heinemann Contact T\u00e9l\u00e9phone : +49 7931 96 192 42E-mail : info@diateam.de Num\u00e9ro de TVA Num\u00e9ro d&#8217;identification TVA conform\u00e9ment au \u00a7 27 a de la loi allemande sur la taxe sur le [&hellip;]<\/p>","protected":false},"author":1,"featured_media":0,"parent":0,"menu_order":0,"comment_status":"closed","ping_status":"closed","template":"","meta":{"_et_pb_use_builder":"on","_et_pb_old_content":"","_et_gb_content_width":"","iawp_total_views":1,"footnotes":""},"class_list":["post-1176","page","type-page","status-publish","hentry"],"_links":{"self":[{"href":"https:\/\/dt-report.de\/en\/wp-json\/wp\/v2\/pages\/1176","targetHints":{"allow":["GET"]}}],"collection":[{"href":"https:\/\/dt-report.de\/en\/wp-json\/wp\/v2\/pages"}],"about":[{"href":"https:\/\/dt-report.de\/en\/wp-json\/wp\/v2\/types\/page"}],"author":[{"embeddable":true,"href":"https:\/\/dt-report.de\/en\/wp-json\/wp\/v2\/users\/1"}],"replies":[{"embeddable":true,"href":"https:\/\/dt-report.de\/en\/wp-json\/wp\/v2\/comments?post=1176"}],"version-history":[{"count":2,"href":"https:\/\/dt-report.de\/en\/wp-json\/wp\/v2\/pages\/1176\/revisions"}],"predecessor-version":[{"id":1178,"href":"https:\/\/dt-report.de\/en\/wp-json\/wp\/v2\/pages\/1176\/revisions\/1178"}],"wp:attachment":[{"href":"https:\/\/dt-report.de\/en\/wp-json\/wp\/v2\/media?parent=1176"}],"curies":[{"name":"wp","href":"https:\/\/api.w.org\/{rel}","templated":true}]}}