{"id":1184,"date":"2024-05-02T17:21:37","date_gmt":"2024-05-02T15:21:37","guid":{"rendered":"https:\/\/dt-report.de\/rapport\/"},"modified":"2025-08-27T00:24:45","modified_gmt":"2025-08-26T22:24:45","slug":"rapport","status":"publish","type":"page","link":"https:\/\/dt-report.de\/en\/rapport\/?lang=fr","title":{"rendered":"Rapport"},"content":{"rendered":"[et_pb_section fb_built=&#8221;1&#8243; fullwidth=&#8221;on&#8221; _builder_version=&#8221;4.25.0&#8243; _module_preset=&#8221;default&#8221; global_colors_info=&#8221;{}&#8221;][et_pb_fullwidth_header title=&#8221;dt-report&#8221; button_one_text=&#8221;R\u00e9sultats 2024&#8243; button_one_url=&#8221;https:\/\/dt-report.de\/report\/#2024&#8243; button_two_text=&#8221;R\u00e9sultats 2025&#8243; button_two_url=&#8221;https:\/\/dt-report.de\/report\/#2025&#8243; _builder_version=&#8221;4.27.0&#8243; _module_preset=&#8221;default&#8221; content_link_font=&#8221;||||on||||&#8221; content_link_text_color=&#8221;#FFFFFF&#8221; background_color=&#8221;#477bb8&#8243; global_colors_info=&#8221;{}&#8221;]<p>Les r\u00e9sultats du dt-report sont pr\u00e9sent\u00e9s chaque ann\u00e9e au public dans le cadre de la <a href=\"https:\/\/diatec-fortbildung.de\" target=\"_blank\" rel=\"noopener\">manifestation diatec<\/a>. Vous trouverez ensuite les principaux r\u00e9sultats sur cette page. <\/p>\n<p>La base de donn\u00e9es du dt-report permet une multitude de r\u00e9sultats et d&#8217;analyses. Ces r\u00e9sultats du dt-report sont utilis\u00e9s de diverses mani\u00e8res et largement diffus\u00e9s. Vous trouverez ci-dessous les pr\u00e9sentations et publications actuelles \u00e0 t\u00e9l\u00e9charger.  <\/p>[\/et_pb_fullwidth_header][\/et_pb_section][et_pb_section fb_built=&#8221;1&#8243; fullwidth=&#8221;on&#8221; _builder_version=&#8221;4.27.0&#8243; _module_preset=&#8221;default&#8221; global_colors_info=&#8221;{}&#8221;][et_pb_fullwidth_header title=&#8221;dt-report 2025&#8243; disabled_on=&#8221;on|on|on&#8221; module_id=&#8221;2025&#8243; _builder_version=&#8221;4.27.0&#8243; _module_preset=&#8221;default&#8221; background_color=&#8221;#477bb8&#8243; disabled=&#8221;on&#8221; global_colors_info=&#8221;{}&#8221;][\/et_pb_fullwidth_header][\/et_pb_section][et_pb_section fb_built=&#8221;1&#8243; disabled_on=&#8221;off|off|off&#8221; _builder_version=&#8221;4.27.0&#8243; _module_preset=&#8221;default&#8221; global_colors_info=&#8221;{}&#8221;][et_pb_row column_structure=&#8221;1_3,1_3,1_3&#8243; _builder_version=&#8221;4.27.0&#8243; _module_preset=&#8221;default&#8221; global_colors_info=&#8221;{}&#8221;][et_pb_column type=&#8221;1_3&#8243; _builder_version=&#8221;4.27.0&#8243; _module_preset=&#8221;default&#8221; global_colors_info=&#8221;{}&#8221;][et_pb_blurb title=&#8221;dt-report 2025 Participants&#8221; url=&#8221;https:\/\/dt-report.de\/wordpress\/wp-content\/uploads\/2025\/02\/1_dt-report-2025_Teilnehmende.pdf&#8221; url_new_window=&#8221;on&#8221; image=&#8221;https:\/\/dt-report.de\/wordpress\/wp-content\/uploads\/2025\/02\/Bildschirmfoto-2025-02-09-um-17.37.15-e1739119288585.png&#8221; alt=&#8221;dt-report 2025&#8243; _builder_version=&#8221;4.27.0&#8243; _module_preset=&#8221;default&#8221; link_option_url=&#8221;https:\/\/dt-report.de\/wordpress\/wp-content\/uploads\/2025\/02\/1_dt-report-2025_Teilnehmende.pdf&#8221; link_option_url_new_window=&#8221;on&#8221; hover_enabled=&#8221;0&#8243; global_colors_info=&#8221;{}&#8221; sticky_enabled=&#8221;0&#8243;]<p><a href=\"https:\/\/dt-report.de\/wordpress\/wp-content\/uploads\/2025\/02\/1_dt-report-2025_Teilnehmende-4.pptx\" target=\"_blank\" rel=\"noopener\">  vers le fichier PowerPoint (.pptx)<\/a><\/p>[\/et_pb_blurb][\/et_pb_column][et_pb_column type=&#8221;1_3&#8243; _builder_version=&#8221;4.27.0&#8243; _module_preset=&#8221;default&#8221; global_colors_info=&#8221;{}&#8221;][et_pb_blurb title=&#8221;dt-report 2025 Utilisation des technologies&#8221; url=&#8221;https:\/\/dt-report.de\/wordpress\/wp-content\/uploads\/2025\/02\/2_dt-report-2025_Technologienutzung.pdf&#8221; url_new_window=&#8221;on&#8221; image=&#8221;https:\/\/dt-report.de\/wordpress\/wp-content\/uploads\/2025\/02\/Bildschirmfoto-2025-02-09-um-17.37.15-e1739119288585.png&#8221; alt=&#8221;dt-report 2025&#8243; _builder_version=&#8221;4.27.0&#8243; _module_preset=&#8221;default&#8221; link_option_url=&#8221;https:\/\/dt-report.de\/wordpress\/wp-content\/uploads\/2025\/02\/2_dt-report-2025_Technologienutzung.pdf&#8221; link_option_url_new_window=&#8221;on&#8221; hover_enabled=&#8221;0&#8243; global_colors_info=&#8221;{}&#8221; sticky_enabled=&#8221;0&#8243;]<p>Utilisation des technologies en Allemagne, en Autriche et en Suisse : \u00ab Pr\u00e9valence \u00bb et \u00ab Incidence<\/p>\n<p><a href=\"https:\/\/dt-report.de\/wordpress\/wp-content\/uploads\/2025\/02\/2_dt-report-2025_Technologienutzung.pptx\" target=\"_blank\" rel=\"noopener\">  vers le fichier PowerPoint (.pptx)<\/a><\/p>[\/et_pb_blurb][\/et_pb_column][et_pb_column type=&#8221;1_3&#8243; _builder_version=&#8221;4.27.0&#8243; _module_preset=&#8221;default&#8221; global_colors_info=&#8221;{}&#8221;][et_pb_blurb title=&#8221;dt-report 2025 IAO&#8221; url=&#8221;https:\/\/dt-report.de\/wordpress\/wp-content\/uploads\/2025\/02\/3_dt-report-2025_AID.pdf&#8221; url_new_window=&#8221;on&#8221; image=&#8221;https:\/\/dt-report.de\/wordpress\/wp-content\/uploads\/2025\/02\/Bildschirmfoto-2025-02-09-um-17.37.15-e1739119288585.png&#8221; alt=&#8221;dt-report 2025&#8243; _builder_version=&#8221;4.27.0&#8243; _module_preset=&#8221;default&#8221; link_option_url=&#8221;https:\/\/dt-report.de\/wordpress\/wp-content\/uploads\/2025\/02\/3_dt-report-2025_AID.pdf&#8221; link_option_url_new_window=&#8221;on&#8221; hover_enabled=&#8221;0&#8243; global_colors_info=&#8221;{}&#8221; sticky_enabled=&#8221;0&#8243;]<p>Utilisation de l&#8217;IAO au quotidien en clinique : satisfaction, refus, abandons ?<\/p>\n<p><a href=\"https:\/\/dt-report.de\/wordpress\/wp-content\/uploads\/2025\/02\/3_dt-report-2025_AID.pptx\" target=\"_blank\" rel=\"noopener\">  vers le fichier PowerPoint (.pptx)<\/a><\/p>[\/et_pb_blurb][\/et_pb_column][\/et_pb_row][et_pb_row column_structure=&#8221;1_3,1_3,1_3&#8243; _builder_version=&#8221;4.27.0&#8243; _module_preset=&#8221;default&#8221; global_colors_info=&#8221;{}&#8221;][et_pb_column type=&#8221;1_3&#8243; _builder_version=&#8221;4.27.0&#8243; _module_preset=&#8221;default&#8221; global_colors_info=&#8221;{}&#8221;][et_pb_blurb title=&#8221;dt-report 2025 Technologie du diab\u00e8te de type 2&#8243; url=&#8221;https:\/\/dt-report.de\/wordpress\/wp-content\/uploads\/2025\/02\/4_dt-report-2025_Typ-2-Diabetes-Technologie.pdf&#8221; url_new_window=&#8221;on&#8221; image=&#8221;https:\/\/dt-report.de\/wordpress\/wp-content\/uploads\/2025\/02\/Bildschirmfoto-2025-02-09-um-17.37.15-e1739119288585.png&#8221; alt=&#8221;dt-report 2025&#8243; _builder_version=&#8221;4.27.0&#8243; _module_preset=&#8221;default&#8221; link_option_url=&#8221;https:\/\/dt-report.de\/wordpress\/wp-content\/uploads\/2025\/02\/4_dt-report-2025_Typ-2-Diabetes-Technologie.pdf&#8221; link_option_url_new_window=&#8221;on&#8221; hover_enabled=&#8221;0&#8243; global_colors_info=&#8221;{}&#8221; sticky_enabled=&#8221;0&#8243;]<p>Technologie du diab\u00e8te chez les personnes atteintes de diab\u00e8te de type 2 : attentes concernant les MCG et les pompes \u00e0 insuline<\/p>\n<p><a href=\"https:\/\/dt-report.de\/wordpress\/wp-content\/uploads\/2025\/02\/4_dt-report-2025_Typ-2-Diabetes-Technologie.pptx\" target=\"_blank\" rel=\"noopener\">  vers le fichier PowerPoint (.pptx)<\/a><\/p>[\/et_pb_blurb][\/et_pb_column][et_pb_column type=&#8221;1_3&#8243; _builder_version=&#8221;4.27.0&#8243; _module_preset=&#8221;default&#8221; global_colors_info=&#8221;{}&#8221;][et_pb_blurb title=&#8221;dt-report 2025 Remboursement DT&#8221; url=&#8221;https:\/\/dt-report.de\/wordpress\/wp-content\/uploads\/2025\/02\/5_dt-report-2025_Erstattung-DT.pdf&#8221; url_new_window=&#8221;on&#8221; image=&#8221;https:\/\/dt-report.de\/wordpress\/wp-content\/uploads\/2025\/02\/Bildschirmfoto-2025-02-09-um-17.37.15-e1739119288585.png&#8221; alt=&#8221;dt-report 2025&#8243; _builder_version=&#8221;4.27.0&#8243; _module_preset=&#8221;default&#8221; link_option_url=&#8221;https:\/\/dt-report.de\/wordpress\/wp-content\/uploads\/2025\/02\/5_dt-report-2025_Erstattung-DT.pdf&#8221; link_option_url_new_window=&#8221;on&#8221; hover_enabled=&#8221;0&#8243; global_colors_info=&#8221;{}&#8221; sticky_enabled=&#8221;0&#8243;]<p>Taux d&#8217;approbation des premi\u00e8res demandes<\/p>\n<p><a href=\"https:\/\/dt-report.de\/wordpress\/wp-content\/uploads\/2025\/02\/5_dt-report-2025_Erstattung-DT.pptx\" target=\"_blank\" rel=\"noopener\">  vers le fichier PowerPoint (.pptx)<\/a><\/p>[\/et_pb_blurb][\/et_pb_column][et_pb_column type=&#8221;1_3&#8243; _builder_version=&#8221;4.27.0&#8243; _module_preset=&#8221;default&#8221; global_colors_info=&#8221;{}&#8221;][et_pb_blurb title=&#8221;dt-report 2025 Cons\u00e9quences en mati\u00e8re de politique de sant\u00e9&#8221; url=&#8221;https:\/\/dt-report.de\/wordpress\/wp-content\/uploads\/2025\/02\/6_dt-report-2025_Gesundheitspolitische-Konsequenzen.pdf&#8221; url_new_window=&#8221;on&#8221; image=&#8221;https:\/\/dt-report.de\/wordpress\/wp-content\/uploads\/2025\/02\/Bildschirmfoto-2025-02-09-um-17.37.15-e1739119288585.png&#8221; alt=&#8221;dt-report 2025&#8243; _builder_version=&#8221;4.27.0&#8243; _module_preset=&#8221;default&#8221; link_option_url=&#8221;https:\/\/dt-report.de\/wordpress\/wp-content\/uploads\/2025\/02\/6_dt-report-2025_Gesundheitspolitische-Konsequenzen.pdf&#8221; link_option_url_new_window=&#8221;on&#8221; hover_enabled=&#8221;0&#8243; global_colors_info=&#8221;{}&#8221; sticky_enabled=&#8221;0&#8243;]<p>R\u00e9sultats en mati\u00e8re de politique de sant\u00e9 : quel est l&#8217;avenir du traitement et de la prise en charge du diab\u00e8te ?<\/p>\n<p><a href=\"https:\/\/dt-report.de\/wordpress\/wp-content\/uploads\/2025\/02\/6_dt-report-2025_Gesundheitspolitische-Konsequenzen.pptx\" target=\"_blank\" rel=\"noopener\">  vers le fichier PowerPoint (.pptx)<\/a><\/p>[\/et_pb_blurb][\/et_pb_column][\/et_pb_row][et_pb_row column_structure=&#8221;1_3,1_3,1_3&#8243; _builder_version=&#8221;4.27.0&#8243; _module_preset=&#8221;default&#8221; global_colors_info=&#8221;{}&#8221;][et_pb_column type=&#8221;1_3&#8243; _builder_version=&#8221;4.27.0&#8243; _module_preset=&#8221;default&#8221; global_colors_info=&#8221;{}&#8221;][\/et_pb_column][et_pb_column type=&#8221;1_3&#8243; _builder_version=&#8221;4.27.0&#8243; _module_preset=&#8221;default&#8221; global_colors_info=&#8221;{}&#8221;][et_pb_blurb title=&#8221;dt-report 2025 Perspective des patients&#8221; url=&#8221;https:\/\/dt-report.de\/wordpress\/wp-content\/uploads\/2025\/02\/7_dt-report-2025_Patientenperspektive.pdf&#8221; url_new_window=&#8221;on&#8221; image=&#8221;https:\/\/dt-report.de\/wordpress\/wp-content\/uploads\/2025\/02\/Bildschirmfoto-2025-02-09-um-17.37.15-e1739119288585.png&#8221; alt=&#8221;dt-report 2025&#8243; _builder_version=&#8221;4.27.0&#8243; _module_preset=&#8221;default&#8221; link_option_url=&#8221;https:\/\/dt-report.de\/wordpress\/wp-content\/uploads\/2025\/02\/7_dt-report-2025_Patientenperspektive.pdf&#8221; link_option_url_new_window=&#8221;on&#8221; hover_enabled=&#8221;0&#8243; global_colors_info=&#8221;{}&#8221; sticky_enabled=&#8221;0&#8243;]<p>Perspective des personnes atteintes de diab\u00e8te : souhaits, besoins et attentes<\/p>\n<p><a href=\"https:\/\/dt-report.de\/wordpress\/wp-content\/uploads\/2025\/02\/7_dt-report-2025_Patientenperspektive.pptx\" target=\"_blank\" rel=\"noopener\">  vers le fichier PowerPoint (.pptx)<\/a><\/p>[\/et_pb_blurb][\/et_pb_column][et_pb_column type=&#8221;1_3&#8243; _builder_version=&#8221;4.27.0&#8243; _module_preset=&#8221;default&#8221; global_colors_info=&#8221;{}&#8221;][\/et_pb_column][\/et_pb_row][\/et_pb_section][et_pb_section fb_built=&#8221;1&#8243; fullwidth=&#8221;on&#8221; _builder_version=&#8221;4.27.0&#8243; _module_preset=&#8221;default&#8221; global_colors_info=&#8221;{}&#8221;][et_pb_fullwidth_header title=&#8221;dt-report 2024&#8243; disabled_on=&#8221;off|off|off&#8221; module_id=&#8221;2024&#8243; _builder_version=&#8221;4.27.0&#8243; _module_preset=&#8221;default&#8221; background_color=&#8221;#477bb8&#8243; global_colors_info=&#8221;{}&#8221;][\/et_pb_fullwidth_header][\/et_pb_section][et_pb_section fb_built=&#8221;1&#8243; _builder_version=&#8221;4.25.0&#8243; _module_preset=&#8221;default&#8221; global_colors_info=&#8221;{}&#8221;][et_pb_row column_structure=&#8221;1_3,1_3,1_3&#8243; _builder_version=&#8221;4.27.0&#8243; _module_preset=&#8221;default&#8221; global_colors_info=&#8221;{}&#8221;][et_pb_column type=&#8221;1_3&#8243; _builder_version=&#8221;4.27.0&#8243; _module_preset=&#8221;default&#8221; global_colors_info=&#8221;{}&#8221;][et_pb_blurb title=&#8221;dt-report 2024 &#8211; Personnes atteintes de diab\u00e8te &#8211; Allemagne&#8221; url=&#8221;https:\/\/dt-report.de\/wordpress\/wp-content\/uploads\/2024\/08\/dt_report-2024_Menschen-mit-Diabetes_deutschland.pdf&#8221; url_new_window=&#8221;on&#8221; image=&#8221;https:\/\/dt-report.de\/wordpress\/wp-content\/uploads\/2024\/08\/dt_report-2024_Menschen-mit-Diabetes_deutschland-1-pdf-1024&#215;576.jpg&#8221; _builder_version=&#8221;4.27.0&#8243; _module_preset=&#8221;default&#8221; link_option_url_new_window=&#8221;on&#8221; global_colors_info=&#8221;{}&#8221;]<p>Pr\u00e9sentation des principaux r\u00e9sultats concernant les personnes atteintes de diab\u00e8te en Allemagne<\/p>[\/et_pb_blurb][\/et_pb_column][et_pb_column type=&#8221;1_3&#8243; _builder_version=&#8221;4.27.0&#8243; _module_preset=&#8221;default&#8221; global_colors_info=&#8221;{}&#8221;][et_pb_blurb title=&#8221;dt-report 2024 &#8211; Diab\u00e9tologues &#8211; Allemagne&#8221; url=&#8221;https:\/\/dt-report.de\/wordpress\/wp-content\/uploads\/2024\/08\/dt_report-2024_Diabetologen_innen_deutschland.pdf&#8221; url_new_window=&#8221;on&#8221; image=&#8221;https:\/\/dt-report.de\/wordpress\/wp-content\/uploads\/2024\/08\/dt_report-2024_Diabetologen_innen_deutschland-1-pdf-1024&#215;576.jpg&#8221; _builder_version=&#8221;4.27.0&#8243; _module_preset=&#8221;default&#8221; link_option_url=&#8221;https:\/\/dt-report.de\/wordpress\/wp-content\/uploads\/2024\/08\/dt_report-2024_Diabetologen_innen_deutschland.pdf&#8221; link_option_url_new_window=&#8221;on&#8221; global_colors_info=&#8221;{}&#8221;]<p>Pr\u00e9sentation des principaux r\u00e9sultats concernant les diab\u00e9tologues en Allemagne<\/p>[\/et_pb_blurb][\/et_pb_column][et_pb_column type=&#8221;1_3&#8243; _builder_version=&#8221;4.27.0&#8243; _module_preset=&#8221;default&#8221; global_colors_info=&#8221;{}&#8221;][et_pb_blurb title=&#8221;dt-report 2024 &#8211; Coupe longitudinale de 2018-2023 &#8211; Allemagne&#8221; url=&#8221;https:\/\/dt-report.de\/wordpress\/wp-content\/uploads\/2024\/08\/dt_report-2024_Ergebnisse_langsschnitt_deutschland.pdf&#8221; url_new_window=&#8221;on&#8221; image=&#8221;https:\/\/dt-report.de\/wordpress\/wp-content\/uploads\/2024\/08\/dt_report-2024_Ergebnisse_langsschnitt_deutschland-1-pdf-1024&#215;576.jpg&#8221; _builder_version=&#8221;4.27.0&#8243; _module_preset=&#8221;default&#8221; link_option_url=&#8221;https:\/\/dt-report.de\/wordpress\/wp-content\/uploads\/2024\/08\/dt_report-2024_Ergebnisse_langsschnitt_deutschland.pdf&#8221; link_option_url_new_window=&#8221;on&#8221; global_colors_info=&#8221;{}&#8221;]<p>Pr\u00e9sentation des donn\u00e9es longitudinales d&#8217;Allemagne sur l&#8217;\u00e9volution de certains th\u00e8mes de 2018 \u00e0 2023<\/p>[\/et_pb_blurb][\/et_pb_column][\/et_pb_row][et_pb_row _builder_version=&#8221;4.27.0&#8243; _module_preset=&#8221;default&#8221; global_colors_info=&#8221;{}&#8221;][et_pb_column type=&#8221;4_4&#8243; _builder_version=&#8221;4.27.0&#8243; _module_preset=&#8221;default&#8221; global_colors_info=&#8221;{}&#8221;][et_pb_divider color=&#8221;#000000&#8243; _builder_version=&#8221;4.27.0&#8243; _module_preset=&#8221;default&#8221; global_colors_info=&#8221;{}&#8221;][\/et_pb_divider][\/et_pb_column][\/et_pb_row][et_pb_row column_structure=&#8221;1_2,1_2&#8243; make_equal=&#8221;on&#8221; _builder_version=&#8221;4.27.0&#8243; _module_preset=&#8221;default&#8221; max_width=&#8221;1800px&#8221; locked=&#8221;off&#8221; global_colors_info=&#8221;{}&#8221;][et_pb_column type=&#8221;1_2&#8243; _builder_version=&#8221;4.22.0&#8243; _module_preset=&#8221;default&#8221; global_colors_info=&#8221;{}&#8221;][et_pb_text _builder_version=&#8221;4.24.0&#8243; _module_preset=&#8221;abb74a70-48f3-4be5-8e28-aff93dd6f04b&#8221; custom_margin=&#8221;||10px||false|false&#8221; locked=&#8221;off&#8221; global_colors_info=&#8221;{}&#8221;]<h2><\/h2>[\/et_pb_text][et_pb_blurb title=&#8221;Syst\u00e8mes AID en pratique : fr\u00e9quence d&#039;utilisation, am\u00e9lioration de la th\u00e9rapie et raisons du refus et de l&#039;arr\u00eat de la th\u00e9rapie AID&#8221; url=&#8221;https:\/\/dt-report.de\/wordpress\/wp-content\/uploads\/2024\/08\/Ehrmann_dt-report_DDG2024.pdf&#8221; image=&#8221;https:\/\/dt-report.de\/wordpress\/wp-content\/uploads\/2024\/08\/Ehrmann_dt-report_DDG2024-pdf-724&#215;1024.jpg&#8221; image_icon_width=&#8221;22%&#8221; _builder_version=&#8221;4.27.0&#8243; _module_preset=&#8221;default&#8221; global_colors_info=&#8221;{}&#8221;]Pr\u00e9sentation de l&#8217;affiche du congr\u00e8s sur le diab\u00e8te 2024[\/et_pb_blurb][\/et_pb_column][et_pb_column type=&#8221;1_2&#8243; _builder_version=&#8221;4.27.0&#8243; _module_preset=&#8221;default&#8221; background_color=&#8221;RGBA(255,255,255,0)&#8221; custom_padding=&#8221;60px|60px|60px|60px|true|true&#8221; custom_padding_tablet=&#8221;30px|30px|30px|30px|true|true&#8221; custom_padding_phone=&#8221;20px|20px|20px|20px|true|true&#8221; custom_padding_last_edited=&#8221;on|tablet&#8221; border_radii=&#8221;on|0vw|0vw|0vw|0vw&#8221; global_colors_info=&#8221;{}&#8221;][et_pb_blurb title=&#8221;Quels facteurs sont associ\u00e9s \u00e0 une charge de diab\u00e8te accrue chez les utilisateurs de syst\u00e8mes AID ? &#8211; R\u00e9sultats d&#039;une analyse multinationale des donn\u00e9es du dt-report 2024. &#8221; url=&#8221;https:\/\/dt-report.de\/wordpress\/wp-content\/uploads\/2024\/08\/Hermanns_dt-report-AID_DDG2024.pdf&#8221; image=&#8221;https:\/\/dt-report.de\/wordpress\/wp-content\/uploads\/2024\/08\/Hermanns_dt-report-AID_DDG2024-pdf-106&#215;150.jpg&#8221; _builder_version=&#8221;4.27.0&#8243; _module_preset=&#8221;default&#8221; global_colors_info=&#8221;{}&#8221;]Pr\u00e9sentation de l&#8217;affiche du congr\u00e8s sur le diab\u00e8te 2024[\/et_pb_blurb][\/et_pb_column][\/et_pb_row][et_pb_row column_structure=&#8221;1_2,1_2&#8243; make_equal=&#8221;on&#8221; _builder_version=&#8221;4.27.0&#8243; _module_preset=&#8221;default&#8221; max_width=&#8221;1800px&#8221; locked=&#8221;off&#8221; global_colors_info=&#8221;{}&#8221;][et_pb_column type=&#8221;1_2&#8243; _builder_version=&#8221;4.22.0&#8243; _module_preset=&#8221;default&#8221; global_colors_info=&#8221;{}&#8221;][et_pb_text _builder_version=&#8221;4.24.0&#8243; _module_preset=&#8221;abb74a70-48f3-4be5-8e28-aff93dd6f04b&#8221; custom_margin=&#8221;||10px||false|false&#8221; locked=&#8221;off&#8221; global_colors_info=&#8221;{}&#8221;]<h2><\/h2>[\/et_pb_text][et_pb_blurb title=&#8221;Cons\u00e9quences per\u00e7ues des syst\u00e8mes AID pour les soins individuels des personnes atteintes de diab\u00e8te en Allemagne, en Autriche et en Suisse&#8221; url=&#8221;https:\/\/dt-report.de\/wordpress\/wp-content\/uploads\/2024\/08\/ADA-2024_Hermanns_DT_REport_2024_84x42.pdf&#8221; image=&#8221;https:\/\/dt-report.de\/wordpress\/wp-content\/uploads\/2024\/08\/ADA-2024_Hermanns_DT_REport_2024_84x42-pdf.jpg&#8221; image_icon_width=&#8221;22%&#8221; _builder_version=&#8221;4.27.0&#8243; _module_preset=&#8221;default&#8221; global_colors_info=&#8221;{}&#8221;]Pr\u00e9sentation de l&#8217;affiche du congr\u00e8s de l&#8217;American Diabetes Association (ADA) 2024[\/et_pb_blurb][\/et_pb_column][et_pb_column type=&#8221;1_2&#8243; _builder_version=&#8221;4.27.0&#8243; _module_preset=&#8221;default&#8221; background_color=&#8221;RGBA(255,255,255,0)&#8221; custom_padding=&#8221;60px|60px|60px|60px|true|true&#8221; custom_padding_tablet=&#8221;30px|30px|30px|30px|true|true&#8221; custom_padding_phone=&#8221;20px|20px|20px|20px|true|true&#8221; custom_padding_last_edited=&#8221;on|tablet&#8221; border_radii=&#8221;on|0vw|0vw|0vw|0vw&#8221; global_colors_info=&#8221;{}&#8221;][\/et_pb_column][\/et_pb_row][\/et_pb_section]","protected":false},"excerpt":{"rendered":"<p>Les r\u00e9sultats du dt-report sont pr\u00e9sent\u00e9s chaque ann\u00e9e au public dans le cadre de la manifestation diatec. Vous trouverez ensuite les principaux r\u00e9sultats sur cette page. La base de donn\u00e9es du dt-report permet une multitude de r\u00e9sultats et d&#8217;analyses. Ces r\u00e9sultats du dt-report sont utilis\u00e9s de diverses mani\u00e8res et largement diffus\u00e9s. Vous trouverez ci-dessous les [&hellip;]<\/p>","protected":false},"author":1,"featured_media":0,"parent":0,"menu_order":0,"comment_status":"closed","ping_status":"closed","template":"","meta":{"_et_pb_use_builder":"on","_et_pb_old_content":"","_et_gb_content_width":"","iawp_total_views":15,"footnotes":""},"class_list":["post-1184","page","type-page","status-publish","hentry"],"_links":{"self":[{"href":"https:\/\/dt-report.de\/en\/wp-json\/wp\/v2\/pages\/1184","targetHints":{"allow":["GET"]}}],"collection":[{"href":"https:\/\/dt-report.de\/en\/wp-json\/wp\/v2\/pages"}],"about":[{"href":"https:\/\/dt-report.de\/en\/wp-json\/wp\/v2\/types\/page"}],"author":[{"embeddable":true,"href":"https:\/\/dt-report.de\/en\/wp-json\/wp\/v2\/users\/1"}],"replies":[{"embeddable":true,"href":"https:\/\/dt-report.de\/en\/wp-json\/wp\/v2\/comments?post=1184"}],"version-history":[{"count":2,"href":"https:\/\/dt-report.de\/en\/wp-json\/wp\/v2\/pages\/1184\/revisions"}],"predecessor-version":[{"id":1186,"href":"https:\/\/dt-report.de\/en\/wp-json\/wp\/v2\/pages\/1184\/revisions\/1186"}],"wp:attachment":[{"href":"https:\/\/dt-report.de\/en\/wp-json\/wp\/v2\/media?parent=1184"}],"curies":[{"name":"wp","href":"https:\/\/api.w.org\/{rel}","templated":true}]}}