{"id":1431,"date":"2024-05-02T17:21:07","date_gmt":"2024-05-02T15:21:07","guid":{"rendered":"https:\/\/dt-report.de\/pagina-de-inicio\/"},"modified":"2025-11-05T14:45:34","modified_gmt":"2025-11-05T13:45:34","slug":"pagina-de-inicio","status":"publish","type":"page","link":"https:\/\/dt-report.de\/en\/pagina-de-inicio\/?lang=es","title":{"rendered":"P\u00e1gina de inicio"},"content":{"rendered":"[et_pb_section fb_built=&#8221;1&#8243; admin_label=&#8221;Header&#8221; _builder_version=&#8221;4.25.0&#8243; _module_preset=&#8221;default&#8221; use_background_color_gradient=&#8221;on&#8221; background_color_gradient_repeat=&#8221;on&#8221; background_color_gradient_stops=&#8221;#f2f0eb 0%|rgba(242,240,235,0) 100%&#8221; background_color_gradient_overlays_image=&#8221;on&#8221; background_image=&#8221;https:\/\/dt-report.de\/wordpress\/wp-content\/uploads\/2024\/05\/Fuchs_Diatec2024_293-scaled.jpg&#8221; parallax=&#8221;on&#8221; custom_padding=&#8221;8vw||20vw||false|false&#8221; border_radii=&#8221;off|||3vw|3vw&#8221; locked=&#8221;off&#8221; collapsed=&#8221;on&#8221; global_colors_info=&#8221;{}&#8221;][et_pb_row _builder_version=&#8221;4.24.0&#8243; _module_preset=&#8221;default&#8221; max_width=&#8221;1800px&#8221; global_colors_info=&#8221;{}&#8221;][et_pb_column type=&#8221;4_4&#8243; _builder_version=&#8221;4.22.0&#8243; _module_preset=&#8221;default&#8221; global_colors_info=&#8221;{}&#8221;][et_pb_text _builder_version=&#8221;4.27.0&#8243; _module_preset=&#8221;475b81f5-120e-4cd8-8a45-7860b9cdfcff&#8221; header_2_font_size=&#8221;38px&#8221; text_orientation=&#8221;center&#8221; max_width=&#8221;1440px&#8221; custom_margin=&#8221;||10px||false|false&#8221; global_colors_info=&#8221;{}&#8221;]<h1>dt-report<\/h1>\n<h2>Informe de digitalizaci\u00f3n y tecnolog\u00eda sobre diabetes<\/h2>\n<p>&nbsp;<\/p>[\/et_pb_text][et_pb_text _builder_version=&#8221;4.27.0&#8243; _module_preset=&#8221;578ed6be-dfdd-4cb0-ada9-0dd726ecc76b&#8221; text_text_color=&#8221;gcid-2490e176-5733-4f77-b033-d0b72133e372&#8243; text_orientation=&#8221;center&#8221; max_width=&#8221;1440px&#8221; global_colors_info=&#8221;{%22gcid-2490e176-5733-4f77-b033-d0b72133e372%22:%91%22text_text_color%22%93}&#8221;]<h2><span style=\"font-size: xx-large;\"><span>Relevante para la atenci\u00f3n | Pol\u00edtica sanitaria | Internacional<\/span> <\/span><\/h2>[\/et_pb_text][et_pb_button button_url=&#8221;https:\/\/dt-report.de\/es\/encuesta\/&#8221; button_text=&#8221;Ir a la encuesta&#8221; button_alignment=&#8221;center&#8221; _builder_version=&#8221;4.27.0&#8243; _module_preset=&#8221;7116f9b5-e445-485f-8669-751446dc1d18&#8243; button_text_size=&#8221;22px&#8221; button_font=&#8221;|700|||||||&#8221; global_colors_info=&#8221;{}&#8221;][\/et_pb_button][et_pb_button button_url=&#8221;https:\/\/dt-report.de\/dashboard\/&#8221; button_text=&#8221;Ir al panel de control&#8221; button_alignment=&#8221;center&#8221; _builder_version=&#8221;4.27.0&#8243; _module_preset=&#8221;7116f9b5-e445-485f-8669-751446dc1d18&#8243; button_text_size=&#8221;22px&#8221; button_font=&#8221;|700|||||||&#8221; global_colors_info=&#8221;{}&#8221;][\/et_pb_button][\/et_pb_column][\/et_pb_row][\/et_pb_section][et_pb_section fb_built=&#8221;1&#8243; admin_label=&#8221;Services&#8221; _builder_version=&#8221;4.22.0&#8243; _module_preset=&#8221;default&#8221; locked=&#8221;off&#8221; collapsed=&#8221;on&#8221; global_colors_info=&#8221;{}&#8221;][et_pb_row column_structure=&#8221;1_2,1_2&#8243; _builder_version=&#8221;4.22.0&#8243; _module_preset=&#8221;default&#8221; max_width=&#8221;1800px&#8221; global_colors_info=&#8221;{}&#8221;][et_pb_column type=&#8221;1_2&#8243; _builder_version=&#8221;4.22.0&#8243; _module_preset=&#8221;default&#8221; global_colors_info=&#8221;{}&#8221;][et_pb_image src=&#8221;https:\/\/dt-report.de\/wordpress\/wp-content\/uploads\/2024\/05\/Fuchs_Diatec2024_293-scaled.jpg&#8221; title_text=&#8221;Fuchs_Diatec2024_&#8221; _builder_version=&#8221;4.25.0&#8243; _module_preset=&#8221;default&#8221; border_radii=&#8221;on|30px|30px|30px|30px&#8221; global_colors_info=&#8221;{}&#8221;][\/et_pb_image][et_pb_button button_text=&#8221;m\u00e1s informaci\u00f3n&#8221; disabled_on=&#8221;on|on|on&#8221; _builder_version=&#8221;4.27.0&#8243; _module_preset=&#8221;4f0738cb-93ef-4c8c-81e5-2e1acd93edc1&#8243; button_text_size=&#8221;18px&#8221; button_text_color=&#8221;#FFFFFF&#8221; button_bg_color=&#8221;#dd7f6f&#8221; button_font=&#8221;|700|||||||&#8221; button_icon_color=&#8221;#FFFFFF&#8221; disabled=&#8221;on&#8221; locked=&#8221;off&#8221; global_colors_info=&#8221;{}&#8221;][\/et_pb_button][et_pb_button button_url=&#8221;https:\/\/dt-report.de\/report\/&#8221; button_text=&#8221;Ir al informe actual&#8221; _builder_version=&#8221;4.27.0&#8243; _module_preset=&#8221;4f0738cb-93ef-4c8c-81e5-2e1acd93edc1&#8243; button_text_size=&#8221;18px&#8221; button_text_color=&#8221;#FFFFFF&#8221; button_bg_color=&#8221;#477bb8&#8243; button_font=&#8221;|700|||||||&#8221; button_icon_color=&#8221;#FFFFFF&#8221; hover_enabled=&#8221;0&#8243; locked=&#8221;off&#8221; global_colors_info=&#8221;{}&#8221; sticky_enabled=&#8221;0&#8243;][\/et_pb_button][\/et_pb_column][et_pb_column type=&#8221;1_2&#8243; _builder_version=&#8221;4.22.0&#8243; _module_preset=&#8221;default&#8221; global_colors_info=&#8221;{}&#8221;][et_pb_text _builder_version=&#8221;4.25.0&#8243; _module_preset=&#8221;af2846ea-5121-4f66-b656-ed6e9b8c0217&#8243; custom_margin=&#8221;||0px||false|false&#8221; global_colors_info=&#8221;{}&#8221;]<h5>Nuestro objetivo<\/h5>[\/et_pb_text][et_pb_text _builder_version=&#8221;4.27.0&#8243; _module_preset=&#8221;674e039a-e773-412d-b1dc-6902feb75211&#8243; text_font=&#8221;||||||||&#8221; text_font_size=&#8221;18px&#8221; global_colors_info=&#8221;{}&#8221;]<p>Desde 2018, el dt-report es la \u00fanica encuesta anual en Europa sobre el uso, las actitudes y las necesidades en relaci\u00f3n con la tecnolog\u00eda y la digitalizaci\u00f3n en la diabetes. Nuestro objetivo no es solo describir la situaci\u00f3n actual de la atenci\u00f3n en relaci\u00f3n con las tecnolog\u00edas para la diabetes, sino tambi\u00e9n identificar las carencias y barreras en la atenci\u00f3n, mostrar las tendencias y generar datos relevantes para la pol\u00edtica sanitaria que puedan influir de forma positiva y sostenible en la futura atenci\u00f3n con tecnolog\u00edas para la diabetes. <\/p>[\/et_pb_text][et_pb_text _builder_version=&#8221;4.25.0&#8243; _module_preset=&#8221;af2846ea-5121-4f66-b656-ed6e9b8c0217&#8243; custom_margin=&#8221;||0px||false|false&#8221; global_colors_info=&#8221;{}&#8221;]<h5>Nuestros grupos destinatarios<\/h5>[\/et_pb_text][et_pb_text _builder_version=&#8221;4.27.0&#8243; _module_preset=&#8221;674e039a-e773-412d-b1dc-6902feb75211&#8243; text_font=&#8221;||||||||&#8221; text_font_size=&#8221;18px&#8221; global_colors_info=&#8221;{}&#8221;]<p>Con el dt-report perseguimos un enfoque de 360\u00b0, en el que se dirige a todos los participantes en la digitalizaci\u00f3n y el uso de la tecnolog\u00eda en el \u00e1mbito de la diabetes. Por lo tanto, nuestra encuesta est\u00e1 dirigida tanto a diabet\u00f3logos como a asesores y asistentes en diabetes (resumidos como &#8220;Profesionales de la salud&#8221;), as\u00ed como a personas con diabetes o padres de ni\u00f1os con diabetes. <\/p>[\/et_pb_text][et_pb_text _builder_version=&#8221;4.25.0&#8243; _module_preset=&#8221;af2846ea-5121-4f66-b656-ed6e9b8c0217&#8243; custom_margin=&#8221;||0px||false|false&#8221; global_colors_info=&#8221;{}&#8221;]<h5>Nuestra filosof\u00eda<\/h5>[\/et_pb_text][et_pb_text _builder_version=&#8221;4.27.0&#8243; _module_preset=&#8221;674e039a-e773-412d-b1dc-6902feb75211&#8243; text_font=&#8221;||||||||&#8221; text_font_size=&#8221;18px&#8221; global_colors_info=&#8221;{}&#8221;]Con el dt-report queremos generar datos que sean relevantes para la atenci\u00f3n y que puedan marcar la diferencia. Por lo tanto, informamos a todos los responsables de la toma de decisiones importantes de asociaciones, compa\u00f1\u00edas de seguros de salud y pol\u00edtica sobre los resultados, para que los datos recopilados de los profesionales de la salud y las personas con diabetes puedan marcar la diferencia en la situaci\u00f3n de la atenci\u00f3n.[\/et_pb_text][\/et_pb_column][\/et_pb_row][\/et_pb_section][et_pb_section fb_built=&#8221;1&#8243; admin_label=&#8221;Feature&#8221; _builder_version=&#8221;4.22.0&#8243; _module_preset=&#8221;default&#8221; collapsed=&#8221;on&#8221; global_colors_info=&#8221;{}&#8221;][et_pb_row column_structure=&#8221;1_2,1_2&#8243; make_equal=&#8221;on&#8221; _builder_version=&#8221;4.24.0&#8243; _module_preset=&#8221;default&#8221; max_width=&#8221;1800px&#8221; global_colors_info=&#8221;{}&#8221;][et_pb_column type=&#8221;1_2&#8243; _builder_version=&#8221;4.22.0&#8243; _module_preset=&#8221;default&#8221; global_colors_info=&#8221;{}&#8221;][et_pb_image src=&#8221;https:\/\/dt-report.de\/wordpress\/wp-content\/uploads\/2024\/05\/Fuchs_Diatec2024_147-scaled.jpg&#8221; title_text=&#8221;Fuchs_Diatec2024_&#8221; force_fullwidth=&#8221;on&#8221; _builder_version=&#8221;4.25.0&#8243; _module_preset=&#8221;default&#8221; scroll_horizontal_motion_enable=&#8221;on&#8221; scroll_horizontal_motion=&#8221;0|70|70|100|0.3|0|0&#8243; motion_trigger_start=&#8221;top&#8221; border_radii=&#8221;on|30px|30px|30px|30px&#8221; locked=&#8221;off&#8221; global_colors_info=&#8221;{}&#8221;][\/et_pb_image][\/et_pb_column][et_pb_column type=&#8221;1_2&#8243; _builder_version=&#8221;4.24.0&#8243; _module_preset=&#8221;default&#8221; background_color=&#8221;gcid-a93f2103-1d8b-43bb-b21d-81d84bba8b15&#8243; custom_padding=&#8221;60px|60px|60px|60px|true|true&#8221; custom_padding_tablet=&#8221;30px|30px|30px|30px|true|true&#8221; custom_padding_phone=&#8221;20px|20px|20px|20px|true|true&#8221; custom_padding_last_edited=&#8221;on|tablet&#8221; border_radii=&#8221;on|3vw|3vw|3vw|3vw&#8221; global_colors_info=&#8221;{%22gcid-a93f2103-1d8b-43bb-b21d-81d84bba8b15%22:%91%22background_color%22%93}&#8221;][et_pb_text _builder_version=&#8221;4.24.0&#8243; _module_preset=&#8221;abb74a70-48f3-4be5-8e28-aff93dd6f04b&#8221; custom_margin=&#8221;||10px||false|false&#8221; locked=&#8221;off&#8221; global_colors_info=&#8221;{}&#8221;]<h2>El informe<\/h2>[\/et_pb_text][et_pb_text _builder_version=&#8221;4.27.0&#8243; _module_preset=&#8221;14bf3b1b-858d-44de-95e3-ad2e88b5abf4&#8243; max_width=&#8221;500px&#8221; locked=&#8221;off&#8221; global_colors_info=&#8221;{}&#8221;]<p>El dt-report es una encuesta en l\u00ednea anual en la que se pregunta a profesionales de la salud y a personas con diabetes sobre el uso actual de la tecnolog\u00eda para la diabetes, las actitudes hacia las tecnolog\u00edas y las evaluaciones de los desarrollos futuros. Los resultados se presentan anualmente al p\u00fablico en el marco del evento de formaci\u00f3n continua diatec. <\/p>[\/et_pb_text][et_pb_button button_url=&#8221;https:\/\/dt-report.de\/report\/&#8221; button_text=&#8221;Ir al informe&#8221; _builder_version=&#8221;4.27.0&#8243; _module_preset=&#8221;32e8fb46-cd89-4536-af1c-19feee3c0673&#8243; button_text_size=&#8221;18px&#8221; button_font=&#8221;|700|||||||&#8221; custom_margin=&#8221;100px||||false|false&#8221; custom_margin_tablet=&#8221;0px||||false|false&#8221; custom_margin_phone=&#8221;0px||||false|false&#8221; custom_margin_last_edited=&#8221;on|tablet&#8221; hover_enabled=&#8221;0&#8243; locked=&#8221;off&#8221; global_colors_info=&#8221;{}&#8221; sticky_enabled=&#8221;0&#8243;][\/et_pb_button][\/et_pb_column][\/et_pb_row][\/et_pb_section][et_pb_section fb_built=&#8221;1&#8243; admin_label=&#8221;Services&#8221; _builder_version=&#8221;4.22.0&#8243; _module_preset=&#8221;default&#8221; collapsed=&#8221;on&#8221; global_colors_info=&#8221;{}&#8221;][et_pb_row _builder_version=&#8221;4.24.0&#8243; _module_preset=&#8221;default&#8221; max_width=&#8221;1800px&#8221; locked=&#8221;off&#8221; global_colors_info=&#8221;{}&#8221;][et_pb_column type=&#8221;4_4&#8243; _builder_version=&#8221;4.22.0&#8243; _module_preset=&#8221;default&#8221; global_colors_info=&#8221;{}&#8221;][et_pb_text module_id=&#8221;ueberuns&#8221; _builder_version=&#8221;4.25.0&#8243; _module_preset=&#8221;abb74a70-48f3-4be5-8e28-aff93dd6f04b&#8221; header_2_font_size=&#8221;4vw&#8221; global_colors_info=&#8221;{}&#8221;]<h2><span>diabetes<br>technology and more  <\/span><span><\/span><\/h2>[\/et_pb_text][\/et_pb_column][\/et_pb_row][et_pb_row make_equal=&#8221;on&#8221; _builder_version=&#8221;4.24.0&#8243; _module_preset=&#8221;default&#8221; max_width=&#8221;1800px&#8221; locked=&#8221;off&#8221; global_colors_info=&#8221;{}&#8221;][et_pb_column type=&#8221;4_4&#8243; _builder_version=&#8221;4.22.0&#8243; _module_preset=&#8221;default&#8221; background_color=&#8221;gcid-a93f2103-1d8b-43bb-b21d-81d84bba8b15&#8243; custom_padding=&#8221;40px|20px|40px|20px|true|true&#8221; border_radii=&#8221;on|30px|30px|30px|30px&#8221; global_colors_info=&#8221;{%22gcid-a93f2103-1d8b-43bb-b21d-81d84bba8b15%22:%91%22background_color_1%22,%22background_color%22%93}&#8221;][et_pb_text _builder_version=&#8221;4.25.0&#8243; _module_preset=&#8221;af2846ea-5121-4f66-b656-ed6e9b8c0217&#8243; text_font_size=&#8221;18px&#8221; header_5_font=&#8221;|700|||||||&#8221; header_5_font_size=&#8221;22px&#8221; custom_margin=&#8221;||0px||false|false&#8221; global_colors_info=&#8221;{}&#8221;]<h5>diateam<\/h5>[\/et_pb_text][et_pb_text _builder_version=&#8221;4.25.0&#8243; _module_preset=&#8221;674e039a-e773-412d-b1dc-6902feb75211&#8243; text_font=&#8221;||||||||&#8221; text_font_size=&#8221;18px&#8221; global_colors_info=&#8221;{}&#8221;]<p>Nosotros, como diateam, somos un equipo acad\u00e9mico y experimentado para actividades relacionadas con la tecnolog\u00eda para la diabetes. Nuestros proyectos y actividades representan una plataforma para proyectos innovadores y orientados al futuro dentro de la terapia para la diabetes. Contamos con muchos a\u00f1os de experiencia en la creaci\u00f3n, realizaci\u00f3n, evaluaci\u00f3n y publicaci\u00f3n de estudios y encuestas cient\u00edficas. Esto tambi\u00e9n incluye la comunicaci\u00f3n de los resultados a diferentes socios de la pol\u00edtica, la ciencia, la industria y las organizaciones de pacientes.   <\/p>\n<p>Nuestro objetivo es siempre mejorar la atenci\u00f3n m\u00e9dica y psicosocial de las personas con diabetes y, por lo tanto, influir positivamente en sus vidas.<\/p>[\/et_pb_text][\/et_pb_column][\/et_pb_row][et_pb_row column_structure=&#8221;1_5,1_5,1_5,1_5,1_5&#8243; _builder_version=&#8221;4.25.0&#8243; _module_preset=&#8221;default&#8221; global_colors_info=&#8221;{}&#8221;][et_pb_column type=&#8221;1_5&#8243; _builder_version=&#8221;4.25.0&#8243; _module_preset=&#8221;default&#8221; global_colors_info=&#8221;{}&#8221;][et_pb_team_member name=&#8221;Prof. Dr. Lutz Heinemann&#8221; image_url=&#8221;https:\/\/dt-report.de\/wordpress\/wp-content\/uploads\/2024\/05\/image-3-e1687983865512-663&#215;551-1.jpeg&#8221; _builder_version=&#8221;4.25.0&#8243; _module_preset=&#8221;default&#8221; global_colors_info=&#8221;{}&#8221;][\/et_pb_team_member][\/et_pb_column][et_pb_column type=&#8221;1_5&#8243; _builder_version=&#8221;4.25.0&#8243; _module_preset=&#8221;default&#8221; global_colors_info=&#8221;{}&#8221;][et_pb_team_member name=&#8221;PD Dr. Dominic Ehrmann&#8221; image_url=&#8221;https:\/\/dt-report.de\/wordpress\/wp-content\/uploads\/2024\/05\/Ehrmann_Portrait-2020-scaled-1.jpg&#8221; _builder_version=&#8221;4.25.0&#8243; _module_preset=&#8221;default&#8221; global_colors_info=&#8221;{}&#8221;][\/et_pb_team_member][\/et_pb_column][et_pb_column type=&#8221;1_5&#8243; _builder_version=&#8221;4.25.0&#8243; _module_preset=&#8221;default&#8221; global_colors_info=&#8221;{}&#8221;][et_pb_team_member name=&#8221;Prof. Dr. Norbert Hermanns&#8221; image_url=&#8221;https:\/\/dt-report.de\/wordpress\/wp-content\/uploads\/2024\/05\/image-1.jpeg&#8221; _builder_version=&#8221;4.25.0&#8243; _module_preset=&#8221;default&#8221; global_colors_info=&#8221;{}&#8221;][\/et_pb_team_member][\/et_pb_column][et_pb_column type=&#8221;1_5&#8243; _builder_version=&#8221;4.25.0&#8243; _module_preset=&#8221;default&#8221; global_colors_info=&#8221;{}&#8221;][et_pb_team_member name=&#8221;Prof. Dr. Bernhard Kulzer&#8221; image_url=&#8221;https:\/\/dt-report.de\/wordpress\/wp-content\/uploads\/2024\/05\/image.jpeg&#8221; _builder_version=&#8221;4.25.0&#8243; _module_preset=&#8221;default&#8221; global_colors_info=&#8221;{}&#8221;][\/et_pb_team_member][\/et_pb_column][et_pb_column type=&#8221;1_5&#8243; _builder_version=&#8221;4.25.0&#8243; _module_preset=&#8221;default&#8221; global_colors_info=&#8221;{}&#8221;][et_pb_team_member name=&#8221;Gabriele Faber-Heinemann&#8221; image_url=&#8221;https:\/\/dt-report.de\/wordpress\/wp-content\/uploads\/2024\/05\/image-3-e1687983865512-663&#215;551-1.jpeg&#8221; _builder_version=&#8221;4.25.0&#8243; _module_preset=&#8221;default&#8221; global_colors_info=&#8221;{}&#8221;][\/et_pb_team_member][\/et_pb_column][\/et_pb_row][et_pb_row column_structure=&#8221;1_3,1_3,1_3&#8243; make_equal=&#8221;on&#8221; _builder_version=&#8221;4.24.0&#8243; _module_preset=&#8221;default&#8221; max_width=&#8221;1800px&#8221; locked=&#8221;off&#8221; global_colors_info=&#8221;{}&#8221;][et_pb_column type=&#8221;1_3&#8243; _builder_version=&#8221;4.22.0&#8243; _module_preset=&#8221;default&#8221; background_color=&#8221;gcid-a93f2103-1d8b-43bb-b21d-81d84bba8b15&#8243; custom_padding=&#8221;40px|20px|40px|20px|true|true&#8221; border_radii=&#8221;on|30px|30px|30px|30px&#8221; global_colors_info=&#8221;{%22gcid-a93f2103-1d8b-43bb-b21d-81d84bba8b15%22:%91%22background_color_1%22,%22background_color%22%93}&#8221;][et_pb_text _builder_version=&#8221;4.27.0&#8243; _module_preset=&#8221;1177562a-ea93-4b74-a9ac-7c69dbc737da&#8221; header_2_font_size=&#8221;48px&#8221; custom_margin=&#8221;||10px||false|false&#8221; hover_enabled=&#8221;0&#8243; global_colors_info=&#8221;{}&#8221; sticky_enabled=&#8221;0&#8243;]<h3>dt-report<\/h3>[\/et_pb_text][et_pb_button button_url=&#8221;https:\/\/dt-report.de\/dashboard\/&#8221; button_text=&#8221;Ir al panel de control&#8221; _builder_version=&#8221;4.27.0&#8243; _module_preset=&#8221;32e8fb46-cd89-4536-af1c-19feee3c0673&#8243; button_text_size=&#8221;18px&#8221; button_font=&#8221;|700|||||||&#8221; global_colors_info=&#8221;{}&#8221;][\/et_pb_button][et_pb_button button_url=&#8221;https:\/\/dt-report.de\/login\/&#8221; button_text=&#8221;Inscribirse&#8221; disabled_on=&#8221;off|off|off&#8221; _builder_version=&#8221;4.27.0&#8243; _module_preset=&#8221;32e8fb46-cd89-4536-af1c-19feee3c0673&#8243; button_text_size=&#8221;18px&#8221; button_font=&#8221;|700|||||||&#8221; global_colors_info=&#8221;{}&#8221;][\/et_pb_button][\/et_pb_column][et_pb_column type=&#8221;1_3&#8243; _builder_version=&#8221;4.24.0&#8243; _module_preset=&#8221;default&#8221; custom_padding=&#8221;30px|30px|30px|30px|true|true&#8221; border_radii=&#8221;on|30px|30px|30px|30px&#8221; border_width_all=&#8221;2px&#8221; border_color_all=&#8221;rgba(0,0,0,0.12)&#8221; global_colors_info=&#8221;{}&#8221;][et_pb_text _builder_version=&#8221;4.25.0&#8243; _module_preset=&#8221;af2846ea-5121-4f66-b656-ed6e9b8c0217&#8243; custom_margin=&#8221;||0px||false|false&#8221; global_colors_info=&#8221;{}&#8221;]<h5>Ciencia<\/h5>[\/et_pb_text][et_pb_text _builder_version=&#8221;4.25.0&#8243; _module_preset=&#8221;674e039a-e773-412d-b1dc-6902feb75211&#8243; text_font=&#8221;||||||||&#8221; text_font_size=&#8221;18px&#8221; global_colors_info=&#8221;{}&#8221;]<p>Los datos del dt-report ofrecen una enorme base de datos cient\u00edfica. Esta base de datos permite la creaci\u00f3n de publicaciones en revistas especializadas cient\u00edficas (por ejemplo, Diabetes Technology &amp; Therapeutics, Journal of Diabetes Science and Technology). Los principales resultados y an\u00e1lisis de tendencias se publican regularmente en revistas especializadas cient\u00edficas para seguir aumentando el prestigio cient\u00edfico del dt-report.  <\/p>[\/et_pb_text][et_pb_button button_url=&#8221;https:\/\/dt-report.de\/report\/&#8221; button_text=&#8221;m\u00e1s informaci\u00f3n&#8221; _builder_version=&#8221;4.27.0&#8243; _module_preset=&#8221;4f0738cb-93ef-4c8c-81e5-2e1acd93edc1&#8243; button_text_size=&#8221;18px&#8221; button_font=&#8221;|700|||||||&#8221; locked=&#8221;off&#8221; global_colors_info=&#8221;{}&#8221; button_text_size__hover_enabled=&#8221;on|hover&#8221; button_text_size__hover=&#8221;18px&#8221;][\/et_pb_button][\/et_pb_column][et_pb_column type=&#8221;1_3&#8243; _builder_version=&#8221;4.22.0&#8243; _module_preset=&#8221;default&#8221; custom_padding=&#8221;30px|30px|30px|30px|true|true&#8221; border_radii=&#8221;on|30px|30px|30px|30px&#8221; border_width_all=&#8221;2px&#8221; border_color_all=&#8221;rgba(0,0,0,0.12)&#8221; global_colors_info=&#8221;{}&#8221;][et_pb_text _builder_version=&#8221;4.25.0&#8243; _module_preset=&#8221;af2846ea-5121-4f66-b656-ed6e9b8c0217&#8243; custom_margin=&#8221;||0px||false|false&#8221; locked=&#8221;off&#8221; global_colors_info=&#8221;{}&#8221;]<h5>Asociaciones y organizaciones<\/h5>[\/et_pb_text][et_pb_text _builder_version=&#8221;4.25.0&#8243; _module_preset=&#8221;674e039a-e773-412d-b1dc-6902feb75211&#8243; text_font=&#8221;||||||||&#8221; text_font_size=&#8221;18px&#8221; locked=&#8221;off&#8221; global_colors_info=&#8221;{}&#8221;]<p>La realizaci\u00f3n de la encuesta para el dt-report cuenta con el apoyo de una serie de socios que participan activamente tanto en la elaboraci\u00f3n de las preguntas como en la invitaci\u00f3n a participar en la encuesta:<\/p>[\/et_pb_text][et_pb_button button_url=&#8221;https:\/\/dt-report.de\/kooperationspartner\/&#8221; button_text=&#8221;m\u00e1s informaci\u00f3n&#8221; _builder_version=&#8221;4.27.0&#8243; _module_preset=&#8221;4f0738cb-93ef-4c8c-81e5-2e1acd93edc1&#8243; button_text_size=&#8221;18px&#8221; button_font=&#8221;|700|||||||&#8221; locked=&#8221;off&#8221; global_colors_info=&#8221;{}&#8221;][\/et_pb_button][\/et_pb_column][\/et_pb_row][\/et_pb_section]","protected":false},"excerpt":{"rendered":"<p>dt-report Informe de digitalizaci\u00f3n y tecnolog\u00eda sobre diabetes &nbsp;Relevante para la atenci\u00f3n | Pol\u00edtica sanitaria | Internacional Nuestro objetivoDesde 2018, el dt-report es la \u00fanica encuesta anual en Europa sobre el uso, las actitudes y las necesidades en relaci\u00f3n con la tecnolog\u00eda y la digitalizaci\u00f3n en la diabetes. Nuestro objetivo no es solo describir la [&hellip;]<\/p>","protected":false},"author":1,"featured_media":0,"parent":0,"menu_order":0,"comment_status":"closed","ping_status":"closed","template":"","meta":{"_et_pb_use_builder":"on","_et_pb_old_content":"","_et_gb_content_width":"","iawp_total_views":35,"footnotes":""},"class_list":["post-1431","page","type-page","status-publish","hentry"],"_links":{"self":[{"href":"https:\/\/dt-report.de\/en\/wp-json\/wp\/v2\/pages\/1431","targetHints":{"allow":["GET"]}}],"collection":[{"href":"https:\/\/dt-report.de\/en\/wp-json\/wp\/v2\/pages"}],"about":[{"href":"https:\/\/dt-report.de\/en\/wp-json\/wp\/v2\/types\/page"}],"author":[{"embeddable":true,"href":"https:\/\/dt-report.de\/en\/wp-json\/wp\/v2\/users\/1"}],"replies":[{"embeddable":true,"href":"https:\/\/dt-report.de\/en\/wp-json\/wp\/v2\/comments?post=1431"}],"version-history":[{"count":5,"href":"https:\/\/dt-report.de\/en\/wp-json\/wp\/v2\/pages\/1431\/revisions"}],"predecessor-version":[{"id":1468,"href":"https:\/\/dt-report.de\/en\/wp-json\/wp\/v2\/pages\/1431\/revisions\/1468"}],"wp:attachment":[{"href":"https:\/\/dt-report.de\/en\/wp-json\/wp\/v2\/media?parent=1431"}],"curies":[{"name":"wp","href":"https:\/\/api.w.org\/{rel}","templated":true}]}}