{"id":1446,"date":"2024-05-02T17:21:37","date_gmt":"2024-05-02T15:21:37","guid":{"rendered":"https:\/\/dt-report.de\/informe\/"},"modified":"2025-11-05T14:45:17","modified_gmt":"2025-11-05T13:45:17","slug":"informe","status":"publish","type":"page","link":"https:\/\/dt-report.de\/en\/informe\/?lang=es","title":{"rendered":"Informe"},"content":{"rendered":"[et_pb_section fb_built=&#8221;1&#8243; fullwidth=&#8221;on&#8221; _builder_version=&#8221;4.25.0&#8243; _module_preset=&#8221;default&#8221; global_colors_info=&#8221;{}&#8221;][et_pb_fullwidth_header title=&#8221;dt-report&#8221; button_one_text=&#8221;Resultados 2024&#8243; button_one_url=&#8221;https:\/\/dt-report.de\/report\/#2024&#8243; button_two_text=&#8221;Resultados 2025&#8243; button_two_url=&#8221;https:\/\/dt-report.de\/report\/#2025&#8243; _builder_version=&#8221;4.27.0&#8243; _module_preset=&#8221;default&#8221; content_link_font=&#8221;||||on||||&#8221; content_link_text_color=&#8221;#FFFFFF&#8221; background_color=&#8221;#477bb8&#8243; global_colors_info=&#8221;{}&#8221;]<p>Los resultados del dt-report se presentan anualmente al p\u00fablico en el marco del <a href=\"https:\/\/diatec-fortbildung.de\" target=\"_blank\" rel=\"noopener\">evento diatec<\/a>. A continuaci\u00f3n, encontrar\u00e1 los resultados m\u00e1s importantes en esta p\u00e1gina. <\/p>\n<p>La base de datos del dt-report permite una gran variedad de resultados y an\u00e1lisis. Estos resultados del dt-report se utilizan de muchas maneras y est\u00e1n ampliamente difundidos. A continuaci\u00f3n, encontrar\u00e1 presentaciones y publicaciones actuales para descargar.  <\/p>[\/et_pb_fullwidth_header][\/et_pb_section][et_pb_section fb_built=&#8221;1&#8243; fullwidth=&#8221;on&#8221; _builder_version=&#8221;4.27.0&#8243; _module_preset=&#8221;default&#8221; global_colors_info=&#8221;{}&#8221;][et_pb_fullwidth_header title=&#8221;dt-report 2025&#8243; disabled_on=&#8221;on|on|on&#8221; module_id=&#8221;2025&#8243; _builder_version=&#8221;4.27.0&#8243; _module_preset=&#8221;default&#8221; background_color=&#8221;#477bb8&#8243; disabled=&#8221;on&#8221; global_colors_info=&#8221;{}&#8221;][\/et_pb_fullwidth_header][\/et_pb_section][et_pb_section fb_built=&#8221;1&#8243; disabled_on=&#8221;off|off|off&#8221; _builder_version=&#8221;4.27.0&#8243; _module_preset=&#8221;default&#8221; global_colors_info=&#8221;{}&#8221;][et_pb_row column_structure=&#8221;1_3,1_3,1_3&#8243; _builder_version=&#8221;4.27.0&#8243; _module_preset=&#8221;default&#8221; global_colors_info=&#8221;{}&#8221;][et_pb_column type=&#8221;1_3&#8243; _builder_version=&#8221;4.27.0&#8243; _module_preset=&#8221;default&#8221; global_colors_info=&#8221;{}&#8221;][et_pb_blurb title=&#8221;Participantes del dt-report 2025&#8243; url=&#8221;https:\/\/dt-report.de\/wordpress\/wp-content\/uploads\/2025\/02\/1_dt-report-2025_Teilnehmende.pdf&#8221; url_new_window=&#8221;on&#8221; image=&#8221;https:\/\/dt-report.de\/wordpress\/wp-content\/uploads\/2025\/02\/Bildschirmfoto-2025-02-09-um-17.37.15-e1739119288585.png&#8221; alt=&#8221;dt-report 2025&#8243; _builder_version=&#8221;4.27.0&#8243; _module_preset=&#8221;default&#8221; link_option_url=&#8221;https:\/\/dt-report.de\/wordpress\/wp-content\/uploads\/2025\/02\/1_dt-report-2025_Teilnehmende.pdf&#8221; link_option_url_new_window=&#8221;on&#8221; hover_enabled=&#8221;0&#8243; global_colors_info=&#8221;{}&#8221; sticky_enabled=&#8221;0&#8243;]<p><a href=\"https:\/\/dt-report.de\/wordpress\/wp-content\/uploads\/2025\/02\/1_dt-report-2025_Teilnehmende-4.pptx\" target=\"_blank\" rel=\"noopener\">  al archivo de PowerPoint (.pptx)<\/a><\/p>[\/et_pb_blurb][\/et_pb_column][et_pb_column type=&#8221;1_3&#8243; _builder_version=&#8221;4.27.0&#8243; _module_preset=&#8221;default&#8221; global_colors_info=&#8221;{}&#8221;][et_pb_blurb title=&#8221;Uso de la tecnolog\u00eda dt-report 2025&#8243; url=&#8221;https:\/\/dt-report.de\/wordpress\/wp-content\/uploads\/2025\/02\/2_dt-report-2025_Technologienutzung.pdf&#8221; url_new_window=&#8221;on&#8221; image=&#8221;https:\/\/dt-report.de\/wordpress\/wp-content\/uploads\/2025\/02\/Bildschirmfoto-2025-02-09-um-17.37.15-e1739119288585.png&#8221; alt=&#8221;dt-report 2025&#8243; _builder_version=&#8221;4.27.0&#8243; _module_preset=&#8221;default&#8221; link_option_url=&#8221;https:\/\/dt-report.de\/wordpress\/wp-content\/uploads\/2025\/02\/2_dt-report-2025_Technologienutzung.pdf&#8221; link_option_url_new_window=&#8221;on&#8221; hover_enabled=&#8221;0&#8243; global_colors_info=&#8221;{}&#8221; sticky_enabled=&#8221;0&#8243;]<p>Uso de la tecnolog\u00eda en Alemania, Austria y Suiza: \u00abPrevalencia\u00bb e \u00abIncidencia\u00bb<\/p>\n<p><a href=\"https:\/\/dt-report.de\/wordpress\/wp-content\/uploads\/2025\/02\/2_dt-report-2025_Technologienutzung.pptx\" target=\"_blank\" rel=\"noopener\">  al archivo de PowerPoint (.pptx)<\/a><\/p>[\/et_pb_blurb][\/et_pb_column][et_pb_column type=&#8221;1_3&#8243; _builder_version=&#8221;4.27.0&#8243; _module_preset=&#8221;default&#8221; global_colors_info=&#8221;{}&#8221;][et_pb_blurb title=&#8221;AID dt-report 2025&#8243; url=&#8221;https:\/\/dt-report.de\/wordpress\/wp-content\/uploads\/2025\/02\/3_dt-report-2025_AID.pdf&#8221; url_new_window=&#8221;on&#8221; image=&#8221;https:\/\/dt-report.de\/wordpress\/wp-content\/uploads\/2025\/02\/Bildschirmfoto-2025-02-09-um-17.37.15-e1739119288585.png&#8221; alt=&#8221;dt-report 2025&#8243; _builder_version=&#8221;4.27.0&#8243; _module_preset=&#8221;default&#8221; link_option_url=&#8221;https:\/\/dt-report.de\/wordpress\/wp-content\/uploads\/2025\/02\/3_dt-report-2025_AID.pdf&#8221; link_option_url_new_window=&#8221;on&#8221; hover_enabled=&#8221;0&#8243; global_colors_info=&#8221;{}&#8221; sticky_enabled=&#8221;0&#8243;]<p>\u00bfUso de AID en la pr\u00e1ctica cl\u00ednica: satisfacci\u00f3n, rechazo, abandonos?<\/p>\n<p><a href=\"https:\/\/dt-report.de\/wordpress\/wp-content\/uploads\/2025\/02\/3_dt-report-2025_AID.pptx\" target=\"_blank\" rel=\"noopener\">  al archivo de PowerPoint (.pptx)<\/a><\/p>[\/et_pb_blurb][\/et_pb_column][\/et_pb_row][et_pb_row column_structure=&#8221;1_3,1_3,1_3&#8243; _builder_version=&#8221;4.27.0&#8243; _module_preset=&#8221;default&#8221; global_colors_info=&#8221;{}&#8221;][et_pb_column type=&#8221;1_3&#8243; _builder_version=&#8221;4.27.0&#8243; _module_preset=&#8221;default&#8221; global_colors_info=&#8221;{}&#8221;][et_pb_blurb title=&#8221;Tecnolog\u00eda para la diabetes tipo 2 dt-report 2025&#8243; url=&#8221;https:\/\/dt-report.de\/wordpress\/wp-content\/uploads\/2025\/02\/4_dt-report-2025_Typ-2-Diabetes-Technologie.pdf&#8221; url_new_window=&#8221;on&#8221; image=&#8221;https:\/\/dt-report.de\/wordpress\/wp-content\/uploads\/2025\/02\/Bildschirmfoto-2025-02-09-um-17.37.15-e1739119288585.png&#8221; alt=&#8221;dt-report 2025&#8243; _builder_version=&#8221;4.27.0&#8243; _module_preset=&#8221;default&#8221; link_option_url=&#8221;https:\/\/dt-report.de\/wordpress\/wp-content\/uploads\/2025\/02\/4_dt-report-2025_Typ-2-Diabetes-Technologie.pdf&#8221; link_option_url_new_window=&#8221;on&#8221; hover_enabled=&#8221;0&#8243; global_colors_info=&#8221;{}&#8221; sticky_enabled=&#8221;0&#8243;]<p>Tecnolog\u00eda para la diabetes en la diabetes tipo 2: expectativas sobre CGM y bombas de insulina<\/p>\n<p><a href=\"https:\/\/dt-report.de\/wordpress\/wp-content\/uploads\/2025\/02\/4_dt-report-2025_Typ-2-Diabetes-Technologie.pptx\" target=\"_blank\" rel=\"noopener\">  al archivo de PowerPoint (.pptx)<\/a><\/p>[\/et_pb_blurb][\/et_pb_column][et_pb_column type=&#8221;1_3&#8243; _builder_version=&#8221;4.27.0&#8243; _module_preset=&#8221;default&#8221; global_colors_info=&#8221;{}&#8221;][et_pb_blurb title=&#8221;Reembolso de DT dt-report 2025&#8243; url=&#8221;https:\/\/dt-report.de\/wordpress\/wp-content\/uploads\/2025\/02\/5_dt-report-2025_Erstattung-DT.pdf&#8221; url_new_window=&#8221;on&#8221; image=&#8221;https:\/\/dt-report.de\/wordpress\/wp-content\/uploads\/2025\/02\/Bildschirmfoto-2025-02-09-um-17.37.15-e1739119288585.png&#8221; alt=&#8221;dt-report 2025&#8243; _builder_version=&#8221;4.27.0&#8243; _module_preset=&#8221;default&#8221; link_option_url=&#8221;https:\/\/dt-report.de\/wordpress\/wp-content\/uploads\/2025\/02\/5_dt-report-2025_Erstattung-DT.pdf&#8221; link_option_url_new_window=&#8221;on&#8221; hover_enabled=&#8221;0&#8243; global_colors_info=&#8221;{}&#8221; sticky_enabled=&#8221;0&#8243;]<p>Tasa de aprobaci\u00f3n en las solicitudes iniciales<\/p>\n<p><a href=\"https:\/\/dt-report.de\/wordpress\/wp-content\/uploads\/2025\/02\/5_dt-report-2025_Erstattung-DT.pptx\" target=\"_blank\" rel=\"noopener\">  al archivo de PowerPoint (.pptx)<\/a><\/p>[\/et_pb_blurb][\/et_pb_column][et_pb_column type=&#8221;1_3&#8243; _builder_version=&#8221;4.27.0&#8243; _module_preset=&#8221;default&#8221; global_colors_info=&#8221;{}&#8221;][et_pb_blurb title=&#8221;Consecuencias de la pol\u00edtica sanitaria dt-report 2025&#8243; url=&#8221;https:\/\/dt-report.de\/wordpress\/wp-content\/uploads\/2025\/02\/6_dt-report-2025_Gesundheitspolitische-Konsequenzen.pdf&#8221; url_new_window=&#8221;on&#8221; image=&#8221;https:\/\/dt-report.de\/wordpress\/wp-content\/uploads\/2025\/02\/Bildschirmfoto-2025-02-09-um-17.37.15-e1739119288585.png&#8221; alt=&#8221;dt-report 2025&#8243; _builder_version=&#8221;4.27.0&#8243; _module_preset=&#8221;default&#8221; link_option_url=&#8221;https:\/\/dt-report.de\/wordpress\/wp-content\/uploads\/2025\/02\/6_dt-report-2025_Gesundheitspolitische-Konsequenzen.pdf&#8221; link_option_url_new_window=&#8221;on&#8221; hover_enabled=&#8221;0&#8243; global_colors_info=&#8221;{}&#8221; sticky_enabled=&#8221;0&#8243;]<p>Resultados de la pol\u00edtica sanitaria: \u00bfd\u00f3nde est\u00e1 el futuro del tratamiento y la atenci\u00f3n de la diabetes?<\/p>\n<p><a href=\"https:\/\/dt-report.de\/wordpress\/wp-content\/uploads\/2025\/02\/6_dt-report-2025_Gesundheitspolitische-Konsequenzen.pptx\" target=\"_blank\" rel=\"noopener\">  al archivo de PowerPoint (.pptx)<\/a><\/p>[\/et_pb_blurb][\/et_pb_column][\/et_pb_row][et_pb_row column_structure=&#8221;1_3,1_3,1_3&#8243; _builder_version=&#8221;4.27.0&#8243; _module_preset=&#8221;default&#8221; global_colors_info=&#8221;{}&#8221;][et_pb_column type=&#8221;1_3&#8243; _builder_version=&#8221;4.27.0&#8243; _module_preset=&#8221;default&#8221; global_colors_info=&#8221;{}&#8221;][\/et_pb_column][et_pb_column type=&#8221;1_3&#8243; _builder_version=&#8221;4.27.0&#8243; _module_preset=&#8221;default&#8221; global_colors_info=&#8221;{}&#8221;][et_pb_blurb title=&#8221;Perspectiva del paciente dt-report 2025&#8243; url=&#8221;https:\/\/dt-report.de\/wordpress\/wp-content\/uploads\/2025\/02\/7_dt-report-2025_Patientenperspektive.pdf&#8221; url_new_window=&#8221;on&#8221; image=&#8221;https:\/\/dt-report.de\/wordpress\/wp-content\/uploads\/2025\/02\/Bildschirmfoto-2025-02-09-um-17.37.15-e1739119288585.png&#8221; alt=&#8221;dt-report 2025&#8243; _builder_version=&#8221;4.27.0&#8243; _module_preset=&#8221;default&#8221; link_option_url=&#8221;https:\/\/dt-report.de\/wordpress\/wp-content\/uploads\/2025\/02\/7_dt-report-2025_Patientenperspektive.pdf&#8221; link_option_url_new_window=&#8221;on&#8221; hover_enabled=&#8221;0&#8243; global_colors_info=&#8221;{}&#8221; sticky_enabled=&#8221;0&#8243;]<p>Perspectiva de las personas con diabetes: deseos, necesidades y expectativas<\/p>\n<p><a href=\"https:\/\/dt-report.de\/wordpress\/wp-content\/uploads\/2025\/02\/7_dt-report-2025_Patientenperspektive.pptx\" target=\"_blank\" rel=\"noopener\">  al archivo de PowerPoint (.pptx)<\/a><\/p>[\/et_pb_blurb][\/et_pb_column][et_pb_column type=&#8221;1_3&#8243; _builder_version=&#8221;4.27.0&#8243; _module_preset=&#8221;default&#8221; global_colors_info=&#8221;{}&#8221;][\/et_pb_column][\/et_pb_row][\/et_pb_section][et_pb_section fb_built=&#8221;1&#8243; fullwidth=&#8221;on&#8221; _builder_version=&#8221;4.27.0&#8243; _module_preset=&#8221;default&#8221; global_colors_info=&#8221;{}&#8221;][et_pb_fullwidth_header title=&#8221;dt-report 2024&#8243; disabled_on=&#8221;off|off|off&#8221; module_id=&#8221;2024&#8243; _builder_version=&#8221;4.27.0&#8243; _module_preset=&#8221;default&#8221; background_color=&#8221;#477bb8&#8243; global_colors_info=&#8221;{}&#8221;][\/et_pb_fullwidth_header][\/et_pb_section][et_pb_section fb_built=&#8221;1&#8243; _builder_version=&#8221;4.25.0&#8243; _module_preset=&#8221;default&#8221; global_colors_info=&#8221;{}&#8221;][et_pb_row column_structure=&#8221;1_3,1_3,1_3&#8243; _builder_version=&#8221;4.27.0&#8243; _module_preset=&#8221;default&#8221; global_colors_info=&#8221;{}&#8221;][et_pb_column type=&#8221;1_3&#8243; _builder_version=&#8221;4.27.0&#8243; _module_preset=&#8221;default&#8221; global_colors_info=&#8221;{}&#8221;][et_pb_blurb title=&#8221;dt-report 2024 &#8211; Personas con diabetes &#8211; Alemania&#8221; url=&#8221;https:\/\/dt-report.de\/wordpress\/wp-content\/uploads\/2024\/08\/dt_report-2024_Menschen-mit-Diabetes_deutschland.pdf&#8221; url_new_window=&#8221;on&#8221; image=&#8221;https:\/\/dt-report.de\/wordpress\/wp-content\/uploads\/2024\/08\/dt_report-2024_Menschen-mit-Diabetes_deutschland-1-pdf-1024&#215;576.jpg&#8221; _builder_version=&#8221;4.27.0&#8243; _module_preset=&#8221;default&#8221; link_option_url_new_window=&#8221;on&#8221; global_colors_info=&#8221;{}&#8221;]<p>Presentaci\u00f3n con los resultados m\u00e1s importantes de las personas con diabetes de Alemania<\/p>[\/et_pb_blurb][\/et_pb_column][et_pb_column type=&#8221;1_3&#8243; _builder_version=&#8221;4.27.0&#8243; _module_preset=&#8221;default&#8221; global_colors_info=&#8221;{}&#8221;][et_pb_blurb title=&#8221;dt-report 2024 &#8211; Diabetolog*innen &#8211; Alemania&#8221; url=&#8221;https:\/\/dt-report.de\/wordpress\/wp-content\/uploads\/2024\/08\/dt_report-2024_Diabetologen_innen_deutschland.pdf&#8221; url_new_window=&#8221;on&#8221; image=&#8221;https:\/\/dt-report.de\/wordpress\/wp-content\/uploads\/2024\/08\/dt_report-2024_Diabetologen_innen_deutschland-1-pdf-1024&#215;576.jpg&#8221; _builder_version=&#8221;4.27.0&#8243; _module_preset=&#8221;default&#8221; link_option_url=&#8221;https:\/\/dt-report.de\/wordpress\/wp-content\/uploads\/2024\/08\/dt_report-2024_Diabetologen_innen_deutschland.pdf&#8221; link_option_url_new_window=&#8221;on&#8221; global_colors_info=&#8221;{}&#8221;]<p>Presentaci\u00f3n con los resultados m\u00e1s importantes de los diabet\u00f3logos de Alemania<\/p>[\/et_pb_blurb][\/et_pb_column][et_pb_column type=&#8221;1_3&#8243; _builder_version=&#8221;4.27.0&#8243; _module_preset=&#8221;default&#8221; global_colors_info=&#8221;{}&#8221;][et_pb_blurb title=&#8221;dt-report 2024 &#8211; Secci\u00f3n transversal de 2018-2023 &#8211; Alemania&#8221; url=&#8221;https:\/\/dt-report.de\/wordpress\/wp-content\/uploads\/2024\/08\/dt_report-2024_Ergebnisse_langsschnitt_deutschland.pdf&#8221; url_new_window=&#8221;on&#8221; image=&#8221;https:\/\/dt-report.de\/wordpress\/wp-content\/uploads\/2024\/08\/dt_report-2024_Ergebnisse_langsschnitt_deutschland-1-pdf-1024&#215;576.jpg&#8221; _builder_version=&#8221;4.27.0&#8243; _module_preset=&#8221;default&#8221; link_option_url=&#8221;https:\/\/dt-report.de\/wordpress\/wp-content\/uploads\/2024\/08\/dt_report-2024_Ergebnisse_langsschnitt_deutschland.pdf&#8221; link_option_url_new_window=&#8221;on&#8221; global_colors_info=&#8221;{}&#8221;]<p>Presentaci\u00f3n con datos longitudinales de Alemania sobre la evoluci\u00f3n de determinados temas de 2018 a 2023<\/p>[\/et_pb_blurb][\/et_pb_column][\/et_pb_row][et_pb_row _builder_version=&#8221;4.27.0&#8243; _module_preset=&#8221;default&#8221; global_colors_info=&#8221;{}&#8221;][et_pb_column type=&#8221;4_4&#8243; _builder_version=&#8221;4.27.0&#8243; _module_preset=&#8221;default&#8221; global_colors_info=&#8221;{}&#8221;][et_pb_divider color=&#8221;#000000&#8243; _builder_version=&#8221;4.27.0&#8243; _module_preset=&#8221;default&#8221; global_colors_info=&#8221;{}&#8221;][\/et_pb_divider][\/et_pb_column][\/et_pb_row][et_pb_row column_structure=&#8221;1_2,1_2&#8243; make_equal=&#8221;on&#8221; _builder_version=&#8221;4.27.0&#8243; _module_preset=&#8221;default&#8221; max_width=&#8221;1800px&#8221; locked=&#8221;off&#8221; global_colors_info=&#8221;{}&#8221;][et_pb_column type=&#8221;1_2&#8243; _builder_version=&#8221;4.22.0&#8243; _module_preset=&#8221;default&#8221; global_colors_info=&#8221;{}&#8221;][et_pb_text _builder_version=&#8221;4.24.0&#8243; _module_preset=&#8221;abb74a70-48f3-4be5-8e28-aff93dd6f04b&#8221; custom_margin=&#8221;||10px||false|false&#8221; locked=&#8221;off&#8221; global_colors_info=&#8221;{}&#8221;]<h2><\/h2>[\/et_pb_text][et_pb_blurb title=&#8221;Sistemas AID en la pr\u00e1ctica: frecuencia de uso, mejora de la terapia y razones para el rechazo y la interrupci\u00f3n de la terapia AID&#8221; url=&#8221;https:\/\/dt-report.de\/wordpress\/wp-content\/uploads\/2024\/08\/Ehrmann_dt-report_DDG2024.pdf&#8221; image=&#8221;https:\/\/dt-report.de\/wordpress\/wp-content\/uploads\/2024\/08\/Ehrmann_dt-report_DDG2024-pdf-724&#215;1024.jpg&#8221; image_icon_width=&#8221;22%&#8221; _builder_version=&#8221;4.27.0&#8243; _module_preset=&#8221;default&#8221; global_colors_info=&#8221;{}&#8221;]Presentaci\u00f3n del p\u00f3ster del Congreso de Diabetes 2024[\/et_pb_blurb][\/et_pb_column][et_pb_column type=&#8221;1_2&#8243; _builder_version=&#8221;4.27.0&#8243; _module_preset=&#8221;default&#8221; background_color=&#8221;RGBA(255,255,255,0)&#8221; custom_padding=&#8221;60px|60px|60px|60px|true|true&#8221; custom_padding_tablet=&#8221;30px|30px|30px|30px|true|true&#8221; custom_padding_phone=&#8221;20px|20px|20px|20px|true|true&#8221; custom_padding_last_edited=&#8221;on|tablet&#8221; border_radii=&#8221;on|0vw|0vw|0vw|0vw&#8221; global_colors_info=&#8221;{}&#8221;][et_pb_blurb title=&#8221;\u00bfQu\u00e9 factores est\u00e1n asociados con una mayor carga de diabetes en los usuarios de sistemas AID? &#8211; Resultados de un an\u00e1lisis multinacional de los datos del DT-Report 2024. &#8221; url=&#8221;https:\/\/dt-report.de\/wordpress\/wp-content\/uploads\/2024\/08\/Hermanns_dt-report-AID_DDG2024.pdf&#8221; image=&#8221;https:\/\/dt-report.de\/wordpress\/wp-content\/uploads\/2024\/08\/Hermanns_dt-report-AID_DDG2024-pdf-106&#215;150.jpg&#8221; _builder_version=&#8221;4.27.0&#8243; _module_preset=&#8221;default&#8221; global_colors_info=&#8221;{}&#8221;]Presentaci\u00f3n del p\u00f3ster del Congreso de Diabetes 2024[\/et_pb_blurb][\/et_pb_column][\/et_pb_row][et_pb_row column_structure=&#8221;1_2,1_2&#8243; make_equal=&#8221;on&#8221; _builder_version=&#8221;4.27.0&#8243; _module_preset=&#8221;default&#8221; max_width=&#8221;1800px&#8221; locked=&#8221;off&#8221; global_colors_info=&#8221;{}&#8221;][et_pb_column type=&#8221;1_2&#8243; _builder_version=&#8221;4.22.0&#8243; _module_preset=&#8221;default&#8221; global_colors_info=&#8221;{}&#8221;][et_pb_text _builder_version=&#8221;4.24.0&#8243; _module_preset=&#8221;abb74a70-48f3-4be5-8e28-aff93dd6f04b&#8221; custom_margin=&#8221;||10px||false|false&#8221; locked=&#8221;off&#8221; global_colors_info=&#8221;{}&#8221;]<h2><\/h2>[\/et_pb_text][et_pb_blurb title=&#8221;Consecuencias percibidas de los sistemas AID para la atenci\u00f3n individual de personas con diabetes en Alemania, Austria y Suiza&#8221; url=&#8221;https:\/\/dt-report.de\/wordpress\/wp-content\/uploads\/2024\/08\/ADA-2024_Hermanns_DT_REport_2024_84x42.pdf&#8221; image=&#8221;https:\/\/dt-report.de\/wordpress\/wp-content\/uploads\/2024\/08\/ADA-2024_Hermanns_DT_REport_2024_84x42-pdf.jpg&#8221; image_icon_width=&#8221;22%&#8221; _builder_version=&#8221;4.27.0&#8243; _module_preset=&#8221;default&#8221; global_colors_info=&#8221;{}&#8221;]Presentaci\u00f3n del p\u00f3ster del Congreso de la Asociaci\u00f3n Americana de Diabetes (ADA) 2024[\/et_pb_blurb][\/et_pb_column][et_pb_column type=&#8221;1_2&#8243; _builder_version=&#8221;4.27.0&#8243; _module_preset=&#8221;default&#8221; background_color=&#8221;RGBA(255,255,255,0)&#8221; custom_padding=&#8221;60px|60px|60px|60px|true|true&#8221; custom_padding_tablet=&#8221;30px|30px|30px|30px|true|true&#8221; custom_padding_phone=&#8221;20px|20px|20px|20px|true|true&#8221; custom_padding_last_edited=&#8221;on|tablet&#8221; border_radii=&#8221;on|0vw|0vw|0vw|0vw&#8221; global_colors_info=&#8221;{}&#8221;][\/et_pb_column][\/et_pb_row][\/et_pb_section]","protected":false},"excerpt":{"rendered":"<p>Los resultados del dt-report se presentan anualmente al p\u00fablico en el marco del evento diatec. A continuaci\u00f3n, encontrar\u00e1 los resultados m\u00e1s importantes en esta p\u00e1gina. La base de datos del dt-report permite una gran variedad de resultados y an\u00e1lisis. Estos resultados del dt-report se utilizan de muchas maneras y est\u00e1n ampliamente difundidos. A continuaci\u00f3n, encontrar\u00e1 [&hellip;]<\/p>","protected":false},"author":1,"featured_media":0,"parent":0,"menu_order":0,"comment_status":"closed","ping_status":"closed","template":"","meta":{"_et_pb_use_builder":"on","_et_pb_old_content":"","_et_gb_content_width":"","iawp_total_views":6,"footnotes":""},"class_list":["post-1446","page","type-page","status-publish","hentry"],"_links":{"self":[{"href":"https:\/\/dt-report.de\/en\/wp-json\/wp\/v2\/pages\/1446","targetHints":{"allow":["GET"]}}],"collection":[{"href":"https:\/\/dt-report.de\/en\/wp-json\/wp\/v2\/pages"}],"about":[{"href":"https:\/\/dt-report.de\/en\/wp-json\/wp\/v2\/types\/page"}],"author":[{"embeddable":true,"href":"https:\/\/dt-report.de\/en\/wp-json\/wp\/v2\/users\/1"}],"replies":[{"embeddable":true,"href":"https:\/\/dt-report.de\/en\/wp-json\/wp\/v2\/comments?post=1446"}],"version-history":[{"count":2,"href":"https:\/\/dt-report.de\/en\/wp-json\/wp\/v2\/pages\/1446\/revisions"}],"predecessor-version":[{"id":1448,"href":"https:\/\/dt-report.de\/en\/wp-json\/wp\/v2\/pages\/1446\/revisions\/1448"}],"wp:attachment":[{"href":"https:\/\/dt-report.de\/en\/wp-json\/wp\/v2\/media?parent=1446"}],"curies":[{"name":"wp","href":"https:\/\/api.w.org\/{rel}","templated":true}]}}