{"id":1456,"date":"2024-05-02T17:33:19","date_gmt":"2024-05-02T15:33:19","guid":{"rendered":"https:\/\/dt-report.de\/nota-prawna\/"},"modified":"2025-11-05T14:45:31","modified_gmt":"2025-11-05T13:45:31","slug":"nota-prawna","status":"publish","type":"page","link":"https:\/\/dt-report.de\/en\/nota-prawna\/?lang=pl","title":{"rendered":"Nota prawna"},"content":{"rendered":"[et_pb_section fb_built=&#8221;1&#8243; _builder_version=&#8221;4.25.0&#8243; _module_preset=&#8221;default&#8221; global_colors_info=&#8221;{}&#8221;][et_pb_row _builder_version=&#8221;4.25.0&#8243; _module_preset=&#8221;default&#8221; global_colors_info=&#8221;{}&#8221;][et_pb_column type=&#8221;4_4&#8243; _builder_version=&#8221;4.25.0&#8243; _module_preset=&#8221;default&#8221; global_colors_info=&#8221;{}&#8221;][et_pb_text _builder_version=&#8221;4.25.0&#8243; _module_preset=&#8221;default&#8221; global_colors_info=&#8221;{}&#8221;]<h1>Nota prawna<\/h1>\n<p>diateam GmbH<br>Johann-Hammer-Str. 24<br>97980 Bad Mergentheim <\/p>\n<p>Rejestr handlowy: 746318<br>S\u0105d rejestrowy: Ulm<\/p>\n<p><strong>Reprezentowany przez:<\/strong><br>Prof. Dr. Bernhard Kulzer<\/p>\n<p>Prof. Dr. Lutz Heinemann<\/p>\n<h2>Kontakt<\/h2>\n<p>Telefon: +49 7931 96 192 42<br>E-mail: info@diateam.de<\/p>\n<h2>Numer identyfikacji podatkowej<\/h2>\n<p>Numer identyfikacji podatkowej VAT zgodnie z \u00a7 27a Ustawy o podatku VAT:<br>DE361591457<\/p>\n<h2>Rozstrzyganie spor\u00f3w w UE<\/h2>\n<p>Komisja Europejska udost\u0119pnia platform\u0119 do internetowego rozstrzygania spor\u00f3w (ODR): <a href=\"https:\/\/ec.europa.eu\/consumers\/odr\/\" target=\"_blank\" rel=\"noopener noreferrer\">https:\/\/ec.europa.eu\/consumers\/odr\/<\/a>.<br>Nasz adres e-mail znajduje si\u0119 powy\u017cej w nocie prawnej.<\/p>\n<h2>Rozstrzyganie spor\u00f3w konsumenckich\/Uniwersalne centrum rozstrzygania spor\u00f3w<\/h2>\n<p>Nie jeste\u015bmy gotowi ani zobowi\u0105zani do uczestnictwa w post\u0119powaniach dotycz\u0105cych rozstrzygania spor\u00f3w przed konsumenckim centrum rozstrzygania spor\u00f3w.<\/p>[\/et_pb_text][et_pb_code _builder_version=&#8221;4.27.0&#8243; _module_preset=&#8221;default&#8221; hover_enabled=&#8221;0&#8243; sticky_enabled=&#8221;0&#8243;]<script type=\"application\/javascript\"> var UC_UI_SUPPRESS_CMP_DISPLAY=true;<\/script>[\/et_pb_code][\/et_pb_column][\/et_pb_row][\/et_pb_section]","protected":false},"excerpt":{"rendered":"<p>Nota prawna diateam GmbHJohann-Hammer-Str. 2497980 Bad Mergentheim Rejestr handlowy: 746318S\u0105d rejestrowy: Ulm Reprezentowany przez:Prof. Dr. Bernhard Kulzer Prof. Dr. Lutz Heinemann Kontakt Telefon: +49 7931 96 192 42E-mail: info@diateam.de Numer identyfikacji podatkowej Numer identyfikacji podatkowej VAT zgodnie z \u00a7 27a Ustawy o podatku VAT:DE361591457 Rozstrzyganie spor\u00f3w w UE Komisja Europejska udost\u0119pnia platform\u0119 do internetowego rozstrzygania [&hellip;]<\/p>","protected":false},"author":1,"featured_media":0,"parent":0,"menu_order":0,"comment_status":"closed","ping_status":"closed","template":"","meta":{"_et_pb_use_builder":"on","_et_pb_old_content":"","_et_gb_content_width":"","iawp_total_views":3,"footnotes":""},"class_list":["post-1456","page","type-page","status-publish","hentry"],"_links":{"self":[{"href":"https:\/\/dt-report.de\/en\/wp-json\/wp\/v2\/pages\/1456","targetHints":{"allow":["GET"]}}],"collection":[{"href":"https:\/\/dt-report.de\/en\/wp-json\/wp\/v2\/pages"}],"about":[{"href":"https:\/\/dt-report.de\/en\/wp-json\/wp\/v2\/types\/page"}],"author":[{"embeddable":true,"href":"https:\/\/dt-report.de\/en\/wp-json\/wp\/v2\/users\/1"}],"replies":[{"embeddable":true,"href":"https:\/\/dt-report.de\/en\/wp-json\/wp\/v2\/comments?post=1456"}],"version-history":[{"count":2,"href":"https:\/\/dt-report.de\/en\/wp-json\/wp\/v2\/pages\/1456\/revisions"}],"predecessor-version":[{"id":1459,"href":"https:\/\/dt-report.de\/en\/wp-json\/wp\/v2\/pages\/1456\/revisions\/1459"}],"wp:attachment":[{"href":"https:\/\/dt-report.de\/en\/wp-json\/wp\/v2\/media?parent=1456"}],"curies":[{"name":"wp","href":"https:\/\/api.w.org\/{rel}","templated":true}]}}