{"id":1476,"date":"2024-05-02T17:21:37","date_gmt":"2024-05-02T15:21:37","guid":{"rendered":"https:\/\/dt-report.de\/raport\/"},"modified":"2025-11-05T14:45:43","modified_gmt":"2025-11-05T13:45:43","slug":"raport","status":"publish","type":"page","link":"https:\/\/dt-report.de\/en\/raport\/?lang=pl","title":{"rendered":"Raport"},"content":{"rendered":"[et_pb_section fb_built=&#8221;1&#8243; fullwidth=&#8221;on&#8221; _builder_version=&#8221;4.25.0&#8243; _module_preset=&#8221;default&#8221; global_colors_info=&#8221;{}&#8221;][et_pb_fullwidth_header title=&#8221;dt-report&#8221; button_one_text=&#8221;Wyniki 2024&#8243; button_one_url=&#8221;https:\/\/dt-report.de\/report\/#2024&#8243; button_two_text=&#8221;Wyniki 2025&#8243; button_two_url=&#8221;https:\/\/dt-report.de\/report\/#2025&#8243; _builder_version=&#8221;4.27.0&#8243; _module_preset=&#8221;default&#8221; content_link_font=&#8221;||||on||||&#8221; content_link_text_color=&#8221;#FFFFFF&#8221; background_color=&#8221;#477bb8&#8243; global_colors_info=&#8221;{}&#8221;]<p>Wyniki dt-reportu s\u0105 corocznie prezentowane publicznie w ramach <a href=\"https:\/\/diatec-fortbildung.de\" target=\"_blank\" rel=\"noopener\">wydarzenia diatec<\/a>. Poni\u017cej znajdziesz najwa\u017cniejsze wyniki na tej stronie. <\/p>\n<p>Baza danych dt-reportu pozwala na uzyskanie wielu wynik\u00f3w i analiz. Wyniki dt-reportu s\u0105 szeroko wykorzystywane i rozpowszechniane. Poni\u017cej znajdziesz aktualne prezentacje i publikacje do pobrania.  <\/p>[\/et_pb_fullwidth_header][\/et_pb_section][et_pb_section fb_built=&#8221;1&#8243; fullwidth=&#8221;on&#8221; _builder_version=&#8221;4.27.0&#8243; _module_preset=&#8221;default&#8221; global_colors_info=&#8221;{}&#8221;][et_pb_fullwidth_header title=&#8221;dt-report 2025&#8243; disabled_on=&#8221;on|on|on&#8221; module_id=&#8221;2025&#8243; _builder_version=&#8221;4.27.0&#8243; _module_preset=&#8221;default&#8221; background_color=&#8221;#477bb8&#8243; disabled=&#8221;on&#8221; global_colors_info=&#8221;{}&#8221;][\/et_pb_fullwidth_header][\/et_pb_section][et_pb_section fb_built=&#8221;1&#8243; disabled_on=&#8221;off|off|off&#8221; _builder_version=&#8221;4.27.0&#8243; _module_preset=&#8221;default&#8221; global_colors_info=&#8221;{}&#8221;][et_pb_row column_structure=&#8221;1_3,1_3,1_3&#8243; _builder_version=&#8221;4.27.0&#8243; _module_preset=&#8221;default&#8221; global_colors_info=&#8221;{}&#8221;][et_pb_column type=&#8221;1_3&#8243; _builder_version=&#8221;4.27.0&#8243; _module_preset=&#8221;default&#8221; global_colors_info=&#8221;{}&#8221;][et_pb_blurb title=&#8221;dt-report 2025 Uczestnicy&#8221; url=&#8221;https:\/\/dt-report.de\/wordpress\/wp-content\/uploads\/2025\/02\/1_dt-report-2025_Teilnehmende.pdf&#8221; url_new_window=&#8221;on&#8221; image=&#8221;https:\/\/dt-report.de\/wordpress\/wp-content\/uploads\/2025\/02\/Bildschirmfoto-2025-02-09-um-17.37.15-e1739119288585.png&#8221; alt=&#8221;dt-report 2025&#8243; _builder_version=&#8221;4.27.0&#8243; _module_preset=&#8221;default&#8221; link_option_url=&#8221;https:\/\/dt-report.de\/wordpress\/wp-content\/uploads\/2025\/02\/1_dt-report-2025_Teilnehmende.pdf&#8221; link_option_url_new_window=&#8221;on&#8221; hover_enabled=&#8221;0&#8243; global_colors_info=&#8221;{}&#8221; sticky_enabled=&#8221;0&#8243;]<p><a href=\"https:\/\/dt-report.de\/wordpress\/wp-content\/uploads\/2025\/02\/1_dt-report-2025_Teilnehmende-4.pptx\" target=\"_blank\" rel=\"noopener\"> do pliku PowerPoint (.pptx)<\/a><\/p>[\/et_pb_blurb][\/et_pb_column][et_pb_column type=&#8221;1_3&#8243; _builder_version=&#8221;4.27.0&#8243; _module_preset=&#8221;default&#8221; global_colors_info=&#8221;{}&#8221;][et_pb_blurb title=&#8221;dt-report 2025 Wykorzystanie technologii&#8221; url=&#8221;https:\/\/dt-report.de\/wordpress\/wp-content\/uploads\/2025\/02\/2_dt-report-2025_Technologienutzung.pdf&#8221; url_new_window=&#8221;on&#8221; image=&#8221;https:\/\/dt-report.de\/wordpress\/wp-content\/uploads\/2025\/02\/Bildschirmfoto-2025-02-09-um-17.37.15-e1739119288585.png&#8221; alt=&#8221;dt-report 2025&#8243; _builder_version=&#8221;4.27.0&#8243; _module_preset=&#8221;default&#8221; link_option_url=&#8221;https:\/\/dt-report.de\/wordpress\/wp-content\/uploads\/2025\/02\/2_dt-report-2025_Technologienutzung.pdf&#8221; link_option_url_new_window=&#8221;on&#8221; hover_enabled=&#8221;0&#8243; global_colors_info=&#8221;{}&#8221; sticky_enabled=&#8221;0&#8243;]<p>Wykorzystanie technologii w Niemczech, Austrii i Szwajcarii: \u201ePrewalencja\u201d i \u201eIncydencja\u201d<\/p>\n<p><a href=\"https:\/\/dt-report.de\/wordpress\/wp-content\/uploads\/2025\/02\/2_dt-report-2025_Technologienutzung.pptx\" target=\"_blank\" rel=\"noopener\"> do pliku PowerPoint (.pptx)<\/a><\/p>[\/et_pb_blurb][\/et_pb_column][et_pb_column type=&#8221;1_3&#8243; _builder_version=&#8221;4.27.0&#8243; _module_preset=&#8221;default&#8221; global_colors_info=&#8221;{}&#8221;][et_pb_blurb title=&#8221;dt-report 2025 AID&#8221; url=&#8221;https:\/\/dt-report.de\/wordpress\/wp-content\/uploads\/2025\/02\/3_dt-report-2025_AID.pdf&#8221; url_new_window=&#8221;on&#8221; image=&#8221;https:\/\/dt-report.de\/wordpress\/wp-content\/uploads\/2025\/02\/Bildschirmfoto-2025-02-09-um-17.37.15-e1739119288585.png&#8221; alt=&#8221;dt-report 2025&#8243; _builder_version=&#8221;4.27.0&#8243; _module_preset=&#8221;default&#8221; link_option_url=&#8221;https:\/\/dt-report.de\/wordpress\/wp-content\/uploads\/2025\/02\/3_dt-report-2025_AID.pdf&#8221; link_option_url_new_window=&#8221;on&#8221; hover_enabled=&#8221;0&#8243; global_colors_info=&#8221;{}&#8221; sticky_enabled=&#8221;0&#8243;]<p>Wykorzystanie AID w praktyce klinicznej: Zadowolenie, odrzucenie, rezygnacje?<\/p>\n<p><a href=\"https:\/\/dt-report.de\/wordpress\/wp-content\/uploads\/2025\/02\/3_dt-report-2025_AID.pptx\" target=\"_blank\" rel=\"noopener\"> do pliku PowerPoint (.pptx)<\/a><\/p>[\/et_pb_blurb][\/et_pb_column][\/et_pb_row][et_pb_row column_structure=&#8221;1_3,1_3,1_3&#8243; _builder_version=&#8221;4.27.0&#8243; _module_preset=&#8221;default&#8221; global_colors_info=&#8221;{}&#8221;][et_pb_column type=&#8221;1_3&#8243; _builder_version=&#8221;4.27.0&#8243; _module_preset=&#8221;default&#8221; global_colors_info=&#8221;{}&#8221;][et_pb_blurb title=&#8221;dt-report 2025 Technologia cukrzycy typu 2&#8243; url=&#8221;https:\/\/dt-report.de\/wordpress\/wp-content\/uploads\/2025\/02\/4_dt-report-2025_Typ-2-Diabetes-Technologie.pdf&#8221; url_new_window=&#8221;on&#8221; image=&#8221;https:\/\/dt-report.de\/wordpress\/wp-content\/uploads\/2025\/02\/Bildschirmfoto-2025-02-09-um-17.37.15-e1739119288585.png&#8221; alt=&#8221;dt-report 2025&#8243; _builder_version=&#8221;4.27.0&#8243; _module_preset=&#8221;default&#8221; link_option_url=&#8221;https:\/\/dt-report.de\/wordpress\/wp-content\/uploads\/2025\/02\/4_dt-report-2025_Typ-2-Diabetes-Technologie.pdf&#8221; link_option_url_new_window=&#8221;on&#8221; hover_enabled=&#8221;0&#8243; global_colors_info=&#8221;{}&#8221; sticky_enabled=&#8221;0&#8243;]<p>Technologia cukrzycowa w cukrzycy typu 2: Oczekiwania wobec CGM i pomp insulinowych<\/p>\n<p><a href=\"https:\/\/dt-report.de\/wordpress\/wp-content\/uploads\/2025\/02\/4_dt-report-2025_Typ-2-Diabetes-Technologie.pptx\" target=\"_blank\" rel=\"noopener\"> do pliku PowerPoint (.pptx)<\/a><\/p>[\/et_pb_blurb][\/et_pb_column][et_pb_column type=&#8221;1_3&#8243; _builder_version=&#8221;4.27.0&#8243; _module_preset=&#8221;default&#8221; global_colors_info=&#8221;{}&#8221;][et_pb_blurb title=&#8221;dt-report 2025 Zwrot koszt\u00f3w DT&#8221; url=&#8221;https:\/\/dt-report.de\/wordpress\/wp-content\/uploads\/2025\/02\/5_dt-report-2025_Erstattung-DT.pdf&#8221; url_new_window=&#8221;on&#8221; image=&#8221;https:\/\/dt-report.de\/wordpress\/wp-content\/uploads\/2025\/02\/Bildschirmfoto-2025-02-09-um-17.37.15-e1739119288585.png&#8221; alt=&#8221;dt-report 2025&#8243; _builder_version=&#8221;4.27.0&#8243; _module_preset=&#8221;default&#8221; link_option_url=&#8221;https:\/\/dt-report.de\/wordpress\/wp-content\/uploads\/2025\/02\/5_dt-report-2025_Erstattung-DT.pdf&#8221; link_option_url_new_window=&#8221;on&#8221; hover_enabled=&#8221;0&#8243; global_colors_info=&#8221;{}&#8221; sticky_enabled=&#8221;0&#8243;]<p>Wsp\u00f3\u0142czynnik zatwierdze\u0144 dla pierwszych wniosk\u00f3w<\/p>\n<p><a href=\"https:\/\/dt-report.de\/wordpress\/wp-content\/uploads\/2025\/02\/5_dt-report-2025_Erstattung-DT.pptx\" target=\"_blank\" rel=\"noopener\"> do pliku PowerPoint (.pptx)<\/a><\/p>[\/et_pb_blurb][\/et_pb_column][et_pb_column type=&#8221;1_3&#8243; _builder_version=&#8221;4.27.0&#8243; _module_preset=&#8221;default&#8221; global_colors_info=&#8221;{}&#8221;][et_pb_blurb title=&#8221;dt-report 2025 Konsekwencje polityki zdrowotnej&#8221; url=&#8221;https:\/\/dt-report.de\/wordpress\/wp-content\/uploads\/2025\/02\/6_dt-report-2025_Gesundheitspolitische-Konsequenzen.pdf&#8221; url_new_window=&#8221;on&#8221; image=&#8221;https:\/\/dt-report.de\/wordpress\/wp-content\/uploads\/2025\/02\/Bildschirmfoto-2025-02-09-um-17.37.15-e1739119288585.png&#8221; alt=&#8221;dt-report 2025&#8243; _builder_version=&#8221;4.27.0&#8243; _module_preset=&#8221;default&#8221; link_option_url=&#8221;https:\/\/dt-report.de\/wordpress\/wp-content\/uploads\/2025\/02\/6_dt-report-2025_Gesundheitspolitische-Konsequenzen.pdf&#8221; link_option_url_new_window=&#8221;on&#8221; hover_enabled=&#8221;0&#8243; global_colors_info=&#8221;{}&#8221; sticky_enabled=&#8221;0&#8243;]<p>Wyniki polityki zdrowotnej: Jaka jest przysz\u0142o\u015b\u0107 leczenia i opieki nad cukrzyc\u0105?<\/p>\n<p><a href=\"https:\/\/dt-report.de\/wordpress\/wp-content\/uploads\/2025\/02\/6_dt-report-2025_Gesundheitspolitische-Konsequenzen.pptx\" target=\"_blank\" rel=\"noopener\"> do pliku PowerPoint (.pptx)<\/a><\/p>[\/et_pb_blurb][\/et_pb_column][\/et_pb_row][et_pb_row column_structure=&#8221;1_3,1_3,1_3&#8243; _builder_version=&#8221;4.27.0&#8243; _module_preset=&#8221;default&#8221; global_colors_info=&#8221;{}&#8221;][et_pb_column type=&#8221;1_3&#8243; _builder_version=&#8221;4.27.0&#8243; _module_preset=&#8221;default&#8221; global_colors_info=&#8221;{}&#8221;][\/et_pb_column][et_pb_column type=&#8221;1_3&#8243; _builder_version=&#8221;4.27.0&#8243; _module_preset=&#8221;default&#8221; global_colors_info=&#8221;{}&#8221;][et_pb_blurb title=&#8221;dt-report 2025 Perspektywa pacjenta&#8221; url=&#8221;https:\/\/dt-report.de\/wordpress\/wp-content\/uploads\/2025\/02\/7_dt-report-2025_Patientenperspektive.pdf&#8221; url_new_window=&#8221;on&#8221; image=&#8221;https:\/\/dt-report.de\/wordpress\/wp-content\/uploads\/2025\/02\/Bildschirmfoto-2025-02-09-um-17.37.15-e1739119288585.png&#8221; alt=&#8221;dt-report 2025&#8243; _builder_version=&#8221;4.27.0&#8243; _module_preset=&#8221;default&#8221; link_option_url=&#8221;https:\/\/dt-report.de\/wordpress\/wp-content\/uploads\/2025\/02\/7_dt-report-2025_Patientenperspektive.pdf&#8221; link_option_url_new_window=&#8221;on&#8221; hover_enabled=&#8221;0&#8243; global_colors_info=&#8221;{}&#8221; sticky_enabled=&#8221;0&#8243;]<p>Perspektywa os\u00f3b z cukrzyc\u0105: \u017byczenia, potrzeby i oczekiwania<\/p>\n<p><a href=\"https:\/\/dt-report.de\/wordpress\/wp-content\/uploads\/2025\/02\/7_dt-report-2025_Patientenperspektive.pptx\" target=\"_blank\" rel=\"noopener\"> do pliku PowerPoint (.pptx)<\/a><\/p>[\/et_pb_blurb][\/et_pb_column][et_pb_column type=&#8221;1_3&#8243; _builder_version=&#8221;4.27.0&#8243; _module_preset=&#8221;default&#8221; global_colors_info=&#8221;{}&#8221;][\/et_pb_column][\/et_pb_row][\/et_pb_section][et_pb_section fb_built=&#8221;1&#8243; fullwidth=&#8221;on&#8221; _builder_version=&#8221;4.27.0&#8243; _module_preset=&#8221;default&#8221; global_colors_info=&#8221;{}&#8221;][et_pb_fullwidth_header title=&#8221;dt-report 2024&#8243; disabled_on=&#8221;off|off|off&#8221; module_id=&#8221;2024&#8243; _builder_version=&#8221;4.27.0&#8243; _module_preset=&#8221;default&#8221; background_color=&#8221;#477bb8&#8243; global_colors_info=&#8221;{}&#8221;][\/et_pb_fullwidth_header][\/et_pb_section][et_pb_section fb_built=&#8221;1&#8243; _builder_version=&#8221;4.25.0&#8243; _module_preset=&#8221;default&#8221; global_colors_info=&#8221;{}&#8221;][et_pb_row column_structure=&#8221;1_3,1_3,1_3&#8243; _builder_version=&#8221;4.27.0&#8243; _module_preset=&#8221;default&#8221; global_colors_info=&#8221;{}&#8221;][et_pb_column type=&#8221;1_3&#8243; _builder_version=&#8221;4.27.0&#8243; _module_preset=&#8221;default&#8221; global_colors_info=&#8221;{}&#8221;][et_pb_blurb title=&#8221;dt-report 2024 &#8211; Osoby z cukrzyc\u0105 &#8211; Niemcy&#8221; url=&#8221;https:\/\/dt-report.de\/wordpress\/wp-content\/uploads\/2024\/08\/dt_report-2024_Menschen-mit-Diabetes_deutschland.pdf&#8221; url_new_window=&#8221;on&#8221; image=&#8221;https:\/\/dt-report.de\/wordpress\/wp-content\/uploads\/2024\/08\/dt_report-2024_Menschen-mit-Diabetes_deutschland-1-pdf-1024&#215;576.jpg&#8221; _builder_version=&#8221;4.27.0&#8243; _module_preset=&#8221;default&#8221; link_option_url_new_window=&#8221;on&#8221; global_colors_info=&#8221;{}&#8221;]<p>Prezentacja z najwa\u017cniejszymi wynikami dotycz\u0105cymi os\u00f3b z cukrzyc\u0105 z Niemiec<\/p>[\/et_pb_blurb][\/et_pb_column][et_pb_column type=&#8221;1_3&#8243; _builder_version=&#8221;4.27.0&#8243; _module_preset=&#8221;default&#8221; global_colors_info=&#8221;{}&#8221;][et_pb_blurb title=&#8221;dt-report 2024 &#8211; Diabetolodzy &#8211; Niemcy&#8221; url=&#8221;https:\/\/dt-report.de\/wordpress\/wp-content\/uploads\/2024\/08\/dt_report-2024_Diabetologen_innen_deutschland.pdf&#8221; url_new_window=&#8221;on&#8221; image=&#8221;https:\/\/dt-report.de\/wordpress\/wp-content\/uploads\/2024\/08\/dt_report-2024_Diabetologen_innen_deutschland-1-pdf-1024&#215;576.jpg&#8221; _builder_version=&#8221;4.27.0&#8243; _module_preset=&#8221;default&#8221; link_option_url=&#8221;https:\/\/dt-report.de\/wordpress\/wp-content\/uploads\/2024\/08\/dt_report-2024_Diabetologen_innen_deutschland.pdf&#8221; link_option_url_new_window=&#8221;on&#8221; global_colors_info=&#8221;{}&#8221;]<p>Prezentacja z najwa\u017cniejszymi wynikami dotycz\u0105cymi diabetolog\u00f3w z Niemiec<\/p>[\/et_pb_blurb][\/et_pb_column][et_pb_column type=&#8221;1_3&#8243; _builder_version=&#8221;4.27.0&#8243; _module_preset=&#8221;default&#8221; global_colors_info=&#8221;{}&#8221;][et_pb_blurb title=&#8221;dt-report 2024 &#8211; Dane pod\u0142u\u017cne z lat 2018-2023 &#8211; Niemcy&#8221; url=&#8221;https:\/\/dt-report.de\/wordpress\/wp-content\/uploads\/2024\/08\/dt_report-2024_Ergebnisse_langsschnitt_deutschland.pdf&#8221; url_new_window=&#8221;on&#8221; image=&#8221;https:\/\/dt-report.de\/wordpress\/wp-content\/uploads\/2024\/08\/dt_report-2024_Ergebnisse_langsschnitt_deutschland-1-pdf-1024&#215;576.jpg&#8221; _builder_version=&#8221;4.27.0&#8243; _module_preset=&#8221;default&#8221; link_option_url=&#8221;https:\/\/dt-report.de\/wordpress\/wp-content\/uploads\/2024\/08\/dt_report-2024_Ergebnisse_langsschnitt_deutschland.pdf&#8221; link_option_url_new_window=&#8221;on&#8221; global_colors_info=&#8221;{}&#8221;]<p>Prezentacja z danymi pod\u0142u\u017cnymi z Niemiec na temat rozwoju wybranych zagadnie\u0144 od 2018 do 2023 roku<\/p>[\/et_pb_blurb][\/et_pb_column][\/et_pb_row][et_pb_row _builder_version=&#8221;4.27.0&#8243; _module_preset=&#8221;default&#8221; global_colors_info=&#8221;{}&#8221;][et_pb_column type=&#8221;4_4&#8243; _builder_version=&#8221;4.27.0&#8243; _module_preset=&#8221;default&#8221; global_colors_info=&#8221;{}&#8221;][et_pb_divider color=&#8221;#000000&#8243; _builder_version=&#8221;4.27.0&#8243; _module_preset=&#8221;default&#8221; global_colors_info=&#8221;{}&#8221;][\/et_pb_divider][\/et_pb_column][\/et_pb_row][et_pb_row column_structure=&#8221;1_2,1_2&#8243; make_equal=&#8221;on&#8221; _builder_version=&#8221;4.27.0&#8243; _module_preset=&#8221;default&#8221; max_width=&#8221;1800px&#8221; locked=&#8221;off&#8221; global_colors_info=&#8221;{}&#8221;][et_pb_column type=&#8221;1_2&#8243; _builder_version=&#8221;4.22.0&#8243; _module_preset=&#8221;default&#8221; global_colors_info=&#8221;{}&#8221;][et_pb_text _builder_version=&#8221;4.24.0&#8243; _module_preset=&#8221;abb74a70-48f3-4be5-8e28-aff93dd6f04b&#8221; custom_margin=&#8221;||10px||false|false&#8221; locked=&#8221;off&#8221; global_colors_info=&#8221;{}&#8221;]<h2><\/h2>[\/et_pb_text][et_pb_blurb title=&#8221;Systemy AID w praktyce: Cz\u0119stotliwo\u015b\u0107 u\u017cytkowania, poprawa terapii oraz przyczyny odrzucenia i przerwania terapii AID&#8221; url=&#8221;https:\/\/dt-report.de\/wordpress\/wp-content\/uploads\/2024\/08\/Ehrmann_dt-report_DDG2024.pdf&#8221; image=&#8221;https:\/\/dt-report.de\/wordpress\/wp-content\/uploads\/2024\/08\/Ehrmann_dt-report_DDG2024-pdf-724&#215;1024.jpg&#8221; image_icon_width=&#8221;22%&#8221; _builder_version=&#8221;4.27.0&#8243; _module_preset=&#8221;default&#8221; global_colors_info=&#8221;{}&#8221;]Prezentacja plakatowa z Kongresu Diabetologicznego 2024[\/et_pb_blurb][\/et_pb_column][et_pb_column type=&#8221;1_2&#8243; _builder_version=&#8221;4.27.0&#8243; _module_preset=&#8221;default&#8221; background_color=&#8221;RGBA(255,255,255,0)&#8221; custom_padding=&#8221;60px|60px|60px|60px|true|true&#8221; custom_padding_tablet=&#8221;30px|30px|30px|30px|true|true&#8221; custom_padding_phone=&#8221;20px|20px|20px|20px|true|true&#8221; custom_padding_last_edited=&#8221;on|tablet&#8221; border_radii=&#8221;on|0vw|0vw|0vw|0vw&#8221; global_colors_info=&#8221;{}&#8221;][et_pb_blurb title=&#8221;Jakie czynniki s\u0105 zwi\u0105zane ze zwi\u0119kszonym obci\u0105\u017ceniem cukrzyc\u0105 u u\u017cytkownik\u00f3w system\u00f3w AID? &#8211; Wyniki mi\u0119dzynarodowej analizy danych z dt-reportu 2024. &#8221; url=&#8221;https:\/\/dt-report.de\/wordpress\/wp-content\/uploads\/2024\/08\/Hermanns_dt-report-AID_DDG2024.pdf&#8221; image=&#8221;https:\/\/dt-report.de\/wordpress\/wp-content\/uploads\/2024\/08\/Hermanns_dt-report-AID_DDG2024-pdf-106&#215;150.jpg&#8221; _builder_version=&#8221;4.27.0&#8243; _module_preset=&#8221;default&#8221; global_colors_info=&#8221;{}&#8221;]Prezentacja plakatowa z Kongresu Diabetologicznego 2024[\/et_pb_blurb][\/et_pb_column][\/et_pb_row][et_pb_row column_structure=&#8221;1_2,1_2&#8243; make_equal=&#8221;on&#8221; _builder_version=&#8221;4.27.0&#8243; _module_preset=&#8221;default&#8221; max_width=&#8221;1800px&#8221; locked=&#8221;off&#8221; global_colors_info=&#8221;{}&#8221;][et_pb_column type=&#8221;1_2&#8243; _builder_version=&#8221;4.22.0&#8243; _module_preset=&#8221;default&#8221; global_colors_info=&#8221;{}&#8221;][et_pb_text _builder_version=&#8221;4.24.0&#8243; _module_preset=&#8221;abb74a70-48f3-4be5-8e28-aff93dd6f04b&#8221; custom_margin=&#8221;||10px||false|false&#8221; locked=&#8221;off&#8221; global_colors_info=&#8221;{}&#8221;]<h2><\/h2>[\/et_pb_text][et_pb_blurb title=&#8221;Percieved Consequences of AID Systems for individual care in people with diabetes in Germany, Austria and Switzerland&#8221; url=&#8221;https:\/\/dt-report.de\/wordpress\/wp-content\/uploads\/2024\/08\/ADA-2024_Hermanns_DT_REport_2024_84x42.pdf&#8221; image=&#8221;https:\/\/dt-report.de\/wordpress\/wp-content\/uploads\/2024\/08\/ADA-2024_Hermanns_DT_REport_2024_84x42-pdf.jpg&#8221; image_icon_width=&#8221;22%&#8221; _builder_version=&#8221;4.27.0&#8243; _module_preset=&#8221;default&#8221; global_colors_info=&#8221;{}&#8221;]Prezentacja plakatowa z Kongresu Ameryka\u0144skiego Towarzystwa Diabetologicznego (ADA) 2024[\/et_pb_blurb][\/et_pb_column][et_pb_column type=&#8221;1_2&#8243; _builder_version=&#8221;4.27.0&#8243; _module_preset=&#8221;default&#8221; background_color=&#8221;RGBA(255,255,255,0)&#8221; custom_padding=&#8221;60px|60px|60px|60px|true|true&#8221; custom_padding_tablet=&#8221;30px|30px|30px|30px|true|true&#8221; custom_padding_phone=&#8221;20px|20px|20px|20px|true|true&#8221; custom_padding_last_edited=&#8221;on|tablet&#8221; border_radii=&#8221;on|0vw|0vw|0vw|0vw&#8221; global_colors_info=&#8221;{}&#8221;][\/et_pb_column][\/et_pb_row][\/et_pb_section]","protected":false},"excerpt":{"rendered":"<p>Wyniki dt-reportu s\u0105 corocznie prezentowane publicznie w ramach wydarzenia diatec. Poni\u017cej znajdziesz najwa\u017cniejsze wyniki na tej stronie. Baza danych dt-reportu pozwala na uzyskanie wielu wynik\u00f3w i analiz. Wyniki dt-reportu s\u0105 szeroko wykorzystywane i rozpowszechniane. Poni\u017cej znajdziesz aktualne prezentacje i publikacje do pobrania. do pliku PowerPoint (.pptx)Wykorzystanie technologii w Niemczech, Austrii i Szwajcarii: \u201ePrewalencja\u201d i \u201eIncydencja\u201d [&hellip;]<\/p>","protected":false},"author":1,"featured_media":0,"parent":0,"menu_order":0,"comment_status":"closed","ping_status":"closed","template":"","meta":{"_et_pb_use_builder":"on","_et_pb_old_content":"","_et_gb_content_width":"","iawp_total_views":13,"footnotes":""},"class_list":["post-1476","page","type-page","status-publish","hentry"],"_links":{"self":[{"href":"https:\/\/dt-report.de\/en\/wp-json\/wp\/v2\/pages\/1476","targetHints":{"allow":["GET"]}}],"collection":[{"href":"https:\/\/dt-report.de\/en\/wp-json\/wp\/v2\/pages"}],"about":[{"href":"https:\/\/dt-report.de\/en\/wp-json\/wp\/v2\/types\/page"}],"author":[{"embeddable":true,"href":"https:\/\/dt-report.de\/en\/wp-json\/wp\/v2\/users\/1"}],"replies":[{"embeddable":true,"href":"https:\/\/dt-report.de\/en\/wp-json\/wp\/v2\/comments?post=1476"}],"version-history":[{"count":2,"href":"https:\/\/dt-report.de\/en\/wp-json\/wp\/v2\/pages\/1476\/revisions"}],"predecessor-version":[{"id":1478,"href":"https:\/\/dt-report.de\/en\/wp-json\/wp\/v2\/pages\/1476\/revisions\/1478"}],"wp:attachment":[{"href":"https:\/\/dt-report.de\/en\/wp-json\/wp\/v2\/media?parent=1476"}],"curies":[{"name":"wp","href":"https:\/\/api.w.org\/{rel}","templated":true}]}}