{"id":1505,"date":"2024-09-04T18:50:18","date_gmt":"2024-09-04T16:50:18","guid":{"rendered":"https:\/\/dt-report.de\/terminos-de-uso\/"},"modified":"2025-11-05T14:49:25","modified_gmt":"2025-11-05T13:49:25","slug":"terminos-de-uso","status":"publish","type":"page","link":"https:\/\/dt-report.de\/en\/terminos-de-uso\/?lang=es","title":{"rendered":"T\u00e9rminos de uso"},"content":{"rendered":"[et_pb_section fb_built=&#8221;1&#8243; theme_builder_area=&#8221;post_content&#8221; _builder_version=&#8221;4.27.0&#8243; _module_preset=&#8221;default&#8221;][et_pb_row _builder_version=&#8221;4.27.0&#8243; _module_preset=&#8221;default&#8221; theme_builder_area=&#8221;post_content&#8221;][et_pb_column _builder_version=&#8221;4.27.0&#8243; _module_preset=&#8221;default&#8221; type=&#8221;4_4&#8243; theme_builder_area=&#8221;post_content&#8221;][et_pb_text _builder_version=&#8221;4.27.0&#8243; _module_preset=&#8221;default&#8221; theme_builder_area=&#8221;post_content&#8221; hover_enabled=&#8221;0&#8243; sticky_enabled=&#8221;0&#8243;]<p><b>T\u00e9rminos de uso del panel de control de dt-report<\/b><\/p>\n<p>\u00a1Bienvenido al panel de control de dt-report!<\/p>\n<p>Como socio de cooperaci\u00f3n de dt-report, el panel de control le permite acceder de forma exclusiva a los datos de dt-report. A trav\u00e9s de varias opciones de filtro, puede visualizar las respuestas de grupos de usuarios espec\u00edficos de los participantes de dt-report. Antes de utilizar el panel de control, tenga en cuenta nuestros t\u00e9rminos de uso.  <\/p>\n<ol>\n<li><b>Uso<\/b><\/li>\n<\/ol>\n<p>El uso del panel de control de dt-report est\u00e1 reservado exclusivamente a nuestros socios de cooperaci\u00f3n. Encontrar\u00e1 una lista de los socios de cooperaci\u00f3n en el sitio web https:\/\/dt-report.de\/kooperationspartner\/. Las personas que no est\u00e9n empleadas por un socio de cooperaci\u00f3n o que no act\u00faen en calidad de socio de cooperaci\u00f3n no podr\u00e1n utilizar el panel de control.  <\/p>\n<ol start=\"2\">\n<li><b>Finalidad del uso<\/b><\/li>\n<\/ol>\n<p>Los datos de dt-report proporcionados en el panel de control de PowerBI est\u00e1n destinados exclusivamente a fines internos y, de forma limitada (v\u00e9ase el punto 4), a fines externos (publicitarios) del socio de cooperaci\u00f3n respectivo. Los datos podr\u00e1n utilizarse para obtener informaci\u00f3n general, as\u00ed como para realizar declaraciones publicitarias generales. Adem\u00e1s, los datos podr\u00e1n utilizarse para obtener informaci\u00f3n espec\u00edfica sobre un determinado grupo de usuarios de los participantes. Cada socio de cooperaci\u00f3n tambi\u00e9n tendr\u00e1 la posibilidad de filtrar los datos para un grupo de usuarios asignado por diateam, en caso de que esta asignaci\u00f3n sea posible y tenga sentido. La asignaci\u00f3n se realizar\u00e1 exclusivamente para un grupo de usuarios con una relaci\u00f3n directa con el socio de cooperaci\u00f3n (por ejemplo, miembro, cliente, uso de una tecnolog\u00eda para la diabetes del socio de cooperaci\u00f3n) y <b>no<\/b> incluye expresamente la posibilidad de acceder a los datos de un grupo de usuarios de otro socio de cooperaci\u00f3n individual.    <\/p>\n<ol start=\"3\">\n<li><b>Obligaciones del socio de cooperaci\u00f3n<\/b><\/li>\n<\/ol>\n<p>Si un socio de cooperaci\u00f3n tiene accidentalmente la posibilidad de filtrar los datos para un grupo de usuarios de otro socio de cooperaci\u00f3n, el socio de cooperaci\u00f3n que se d\u00e9 cuenta de ello tendr\u00e1 la obligaci\u00f3n de comunicarlo a diateam GmbH a trav\u00e9s de <a href=\"mailto:info@diateam.de\">info@diateam.de<\/a>.<\/p>\n<ol start=\"4\">\n<li><b>Prohibici\u00f3n de la presentaci\u00f3n comparativa<\/b><\/li>\n<\/ol>\n<p>Est\u00e1 expresamente prohibido utilizar los datos proporcionados para crear an\u00e1lisis comparativos o presentaciones que tengan como objetivo una comparaci\u00f3n directa o indirecta con otros socios de cooperaci\u00f3n u otras empresas farmac\u00e9uticas o de tecnolog\u00eda m\u00e9dica que operen en el \u00e1mbito de la diabetes. En particular, los datos de dt-report no podr\u00e1n utilizarse para: <\/p>\n<p>a) Desarrollar campa\u00f1as que tengan como objetivo directo o indirecto una comparaci\u00f3n con otros socios de cooperaci\u00f3n u otras empresas.<\/p>\n<p>b) Realizar declaraciones que puedan perjudicar a otros socios de cooperaci\u00f3n u otras empresas, bas\u00e1ndose en los datos obtenidos a trav\u00e9s del panel de control.<\/p>\n<p>c) Publicar an\u00e1lisis de la competencia o informes que tengan como base datos comparativos del panel de control.<\/p>\n<ol start=\"5\">\n<li><b>Confidencialidad<\/b><\/li>\n<\/ol>\n<p>Los datos proporcionados deber\u00e1n tratarse de forma confidencial y no podr\u00e1n transmitirse en su totalidad a terceros. Est\u00e1 prohibido extraer datos brutos del panel de control en cualquier forma, transmitirlos a terceros o integrarlos en otros sistemas. Los datos proporcionados podr\u00e1n ser consultados y utilizados en su totalidad y sin restricciones dentro de la organizaci\u00f3n del socio de cooperaci\u00f3n respectivo. No est\u00e1 permitido transmitir el inicio de sesi\u00f3n a otras personas ajenas a la propia organizaci\u00f3n o empresa.   <\/p>\n<ol start=\"6\">\n<li><b>Exclusi\u00f3n de responsabilidad<\/b><\/li>\n<\/ol>\n<p>Los datos se proporcionan en el panel de control sin garant\u00eda de exactitud, integridad o actualidad. El operador del panel de control no asume ninguna responsabilidad por los da\u00f1os directos o indirectos que se produzcan por el uso de los datos proporcionados. El operador del panel de control no se hace responsable de los resultados, consecuencias o da\u00f1os que se produzcan por el incumplimiento del punto 4 de estos t\u00e9rminos de uso y no asume ninguna responsabilidad al respecto.  <span class=\"Apple-converted-space\"> <\/span><\/p>\n<ol start=\"7\">\n<li><b>Aceptaci\u00f3n y cumplimiento<\/b><\/li>\n<\/ol>\n<p>Al utilizar el panel de control de PowerBI, el socio de cooperaci\u00f3n declara estar de acuerdo con estos t\u00e9rminos de uso y se compromete a cumplirlos. En caso de incumplimiento, diateam GmbH se reserva el derecho de restringir o revocar el acceso del socio de cooperaci\u00f3n al panel de control. diateam GmbH tambi\u00e9n se reserva el derecho de adaptar estos t\u00e9rminos de uso en caso necesario. Los socios de cooperaci\u00f3n ser\u00e1n informados de los cambios a tiempo, y el uso posterior del panel de control requerir\u00e1 la aceptaci\u00f3n de las condiciones actualizadas.   <\/p>\n<ol start=\"8\">\n<li><b>Protecci\u00f3n de datos<\/b><\/li>\n<\/ol>\n<p>El tratamiento de los datos personales en relaci\u00f3n con el uso del panel de control se realiza de acuerdo con las disposiciones vigentes en materia de protecci\u00f3n de datos. Encontrar\u00e1 m\u00e1s informaci\u00f3n en nuestra pol\u00edtica de privacidad en https:\/\/dt-report.de\/datenschutz\/. <\/p>[\/et_pb_text][\/et_pb_column][\/et_pb_row][\/et_pb_section]","protected":false},"excerpt":{"rendered":"<p>T\u00e9rminos de uso del panel de control de dt-report \u00a1Bienvenido al panel de control de dt-report! Como socio de cooperaci\u00f3n de dt-report, el panel de control le permite acceder de forma exclusiva a los datos de dt-report. A trav\u00e9s de varias opciones de filtro, puede visualizar las respuestas de grupos de usuarios espec\u00edficos de los [&hellip;]<\/p>","protected":false},"author":1,"featured_media":0,"parent":0,"menu_order":0,"comment_status":"closed","ping_status":"closed","template":"","meta":{"_et_pb_use_builder":"on","_et_pb_old_content":"","_et_gb_content_width":"","iawp_total_views":2,"footnotes":""},"class_list":["post-1505","page","type-page","status-publish","hentry"],"_links":{"self":[{"href":"https:\/\/dt-report.de\/en\/wp-json\/wp\/v2\/pages\/1505","targetHints":{"allow":["GET"]}}],"collection":[{"href":"https:\/\/dt-report.de\/en\/wp-json\/wp\/v2\/pages"}],"about":[{"href":"https:\/\/dt-report.de\/en\/wp-json\/wp\/v2\/types\/page"}],"author":[{"embeddable":true,"href":"https:\/\/dt-report.de\/en\/wp-json\/wp\/v2\/users\/1"}],"replies":[{"embeddable":true,"href":"https:\/\/dt-report.de\/en\/wp-json\/wp\/v2\/comments?post=1505"}],"version-history":[{"count":2,"href":"https:\/\/dt-report.de\/en\/wp-json\/wp\/v2\/pages\/1505\/revisions"}],"predecessor-version":[{"id":1507,"href":"https:\/\/dt-report.de\/en\/wp-json\/wp\/v2\/pages\/1505\/revisions\/1507"}],"wp:attachment":[{"href":"https:\/\/dt-report.de\/en\/wp-json\/wp\/v2\/media?parent=1505"}],"curies":[{"name":"wp","href":"https:\/\/api.w.org\/{rel}","templated":true}]}}