{"id":824,"date":"2024-10-29T17:46:05","date_gmt":"2024-10-29T16:46:05","guid":{"rendered":"https:\/\/dt-report.de\/?page_id=824"},"modified":"2025-11-08T15:03:36","modified_gmt":"2025-11-08T14:03:36","slug":"befragung-behandler","status":"publish","type":"page","link":"https:\/\/dt-report.de\/en\/umfrage\/befragung-behandler\/","title":{"rendered":"Befragung Behandler"},"content":{"rendered":"[et_pb_section fb_built=&#8221;1&#8243; fullwidth=&#8221;on&#8221; _builder_version=&#8221;4.25.0&#8243; _module_preset=&#8221;default&#8221; global_colors_info=&#8221;{}&#8221;][et_pb_fullwidth_header title=&#8221;Befragung Behandler&#8221; button_two_url=&#8221;https:\/\/dt-report.de\/umfrage\/#warteliste&#8221; _builder_version=&#8221;4.27.0&#8243; _module_preset=&#8221;default&#8221; background_color=&#8221;#477bb8&#8243; global_colors_info=&#8221;{}&#8221;]<p>Die Befragung f\u00fcr den dt-report wird j\u00e4hrlich als Online-Umfrage durchgef\u00fchrt. Nutzen Sie die M\u00f6glichkeit und nehmen Sie an der Umfrage teil!<\/p>\n<p>Pour afficher le sondage en fran\u00e7ais, cliquez sur \u00ab DEUTSCH \u00bb en haut \u00e0 droite et s\u00e9lectionnez \u00ab fran\u00e7ais\u00bb<\/p>\n<p>Para visualizar la encuesta en espa\u00f1ol, haga clic en \u00abDEUTSCH\u00bb en la esquina superior derecha y seleccione \u00abEspa\u00f1ol\u00bb<\/p>[\/et_pb_fullwidth_header][\/et_pb_section][et_pb_section fb_built=&#8221;1&#8243; _builder_version=&#8221;4.25.0&#8243; _module_preset=&#8221;default&#8221; global_colors_info=&#8221;{}&#8221;][et_pb_row make_equal=&#8221;on&#8221; _builder_version=&#8221;4.27.0&#8243; _module_preset=&#8221;default&#8221; max_width=&#8221;1800px&#8221; hover_enabled=&#8221;0&#8243; locked=&#8221;off&#8221; global_colors_info=&#8221;{}&#8221; sticky_enabled=&#8221;0&#8243;][et_pb_column type=&#8221;4_4&#8243; _builder_version=&#8221;4.22.0&#8243; _module_preset=&#8221;default&#8221; global_colors_info=&#8221;{}&#8221;][et_pb_code _builder_version=&#8221;4.27.0&#8243; _module_preset=&#8221;default&#8221; hover_enabled=&#8221;0&#8243; sticky_enabled=&#8221;0&#8243;]<!-- Umfrage: dt26_hcp_embedded --><!-- [et_pb_line_break_holder] --><div class=\"survey-embed\" style=\"max-width: 100%; margin: 0 auto;\"><!-- [et_pb_line_break_holder] -->  <iframe<!--___noise___ 1026-->    src=&#8221;https:\/\/eu.research.net\/r\/dt26_hcp_embedded&#8221;<!-- [et_pb_line_break_holder] -->    style=&#8221;width: 100%; height: 1200px; border: 0;&#8221;<!-- [et_pb_line_break_holder] -->    frameborder=&#8221;0&#8243;<!-- [et_pb_line_break_holder] -->    loading=&#8221;lazy&#8221;<!-- [et_pb_line_break_holder] -->    referrerpolicy=&#8221;no-referrer-when-downgrade&#8221;<!-- [et_pb_line_break_holder] -->    title=&#8221;Umfrage&#8221;><!-- [et_pb_line_break_holder] -->  <\/iframe><!-- [et_pb_line_break_holder] -->  <pee style=\"text-align:center; font-size:14px; margin-top:8px;\"><!-- [et_pb_line_break_holder] -->    Sollte die Umfrage nicht angezeigt werden:<!-- [et_pb_line_break_holder] -->    <a href=\"https:\/\/eu.research.net\/r\/dt26_hcp_embedded\" target=\"_blank\" rel=\"noopener\">hier direkt \u00f6ffnen<\/a>.<!-- [et_pb_line_break_holder] -->  <\/pee><!-- [et_pb_line_break_holder] --><\/div><!-- [et_pb_line_break_holder] --><!-- [et_pb_line_break_holder] --><!-- Optional: etwas responsiver machen (kleinere Screens = h\u00f6here H\u00f6he) --><!-- [et_pb_line_break_holder] --><style><!-- [et_pb_line_break_holder] -->@media (max-width: 1024px) {<!-- [et_pb_line_break_holder] -->  .survey-embed iframe { height: 1400px; }<!-- [et_pb_line_break_holder] -->}<!-- [et_pb_line_break_holder] -->@media (max-width: 768px) {<!-- [et_pb_line_break_holder] -->  .survey-embed iframe { height: 1600px; }<!-- [et_pb_line_break_holder] -->}<!-- [et_pb_line_break_holder] -->@media (max-width: 480px) {<!-- [et_pb_line_break_holder] -->  .survey-embed iframe { height: 1900px; }<!-- [et_pb_line_break_holder] -->}<!-- [et_pb_line_break_holder] --><\/style><!-- [et_pb_line_break_holder] -->[\/et_pb_code][\/et_pb_column][\/et_pb_row][\/et_pb_section]","protected":false},"excerpt":{"rendered":"<p>Die Befragung f\u00fcr den dt-report wird j\u00e4hrlich als Online-Umfrage durchgef\u00fchrt. Nutzen Sie die M\u00f6glichkeit und nehmen Sie an der Umfrage teil! Pour afficher le sondage en fran\u00e7ais, cliquez sur \u00ab DEUTSCH \u00bb en haut \u00e0 droite et s\u00e9lectionnez \u00ab fran\u00e7ais\u00bb Para visualizar la encuesta en espa\u00f1ol, haga clic en \u00abDEUTSCH\u00bb en la esquina superior derecha [&hellip;]<\/p>","protected":false},"author":1,"featured_media":0,"parent":25,"menu_order":0,"comment_status":"closed","ping_status":"closed","template":"","meta":{"_et_pb_use_builder":"on","_et_pb_old_content":"","_et_gb_content_width":"","iawp_total_views":659,"footnotes":""},"class_list":["post-824","page","type-page","status-publish","hentry"],"_links":{"self":[{"href":"https:\/\/dt-report.de\/en\/wp-json\/wp\/v2\/pages\/824","targetHints":{"allow":["GET"]}}],"collection":[{"href":"https:\/\/dt-report.de\/en\/wp-json\/wp\/v2\/pages"}],"about":[{"href":"https:\/\/dt-report.de\/en\/wp-json\/wp\/v2\/types\/page"}],"author":[{"embeddable":true,"href":"https:\/\/dt-report.de\/en\/wp-json\/wp\/v2\/users\/1"}],"replies":[{"embeddable":true,"href":"https:\/\/dt-report.de\/en\/wp-json\/wp\/v2\/comments?post=824"}],"version-history":[{"count":10,"href":"https:\/\/dt-report.de\/en\/wp-json\/wp\/v2\/pages\/824\/revisions"}],"predecessor-version":[{"id":1642,"href":"https:\/\/dt-report.de\/en\/wp-json\/wp\/v2\/pages\/824\/revisions\/1642"}],"up":[{"embeddable":true,"href":"https:\/\/dt-report.de\/en\/wp-json\/wp\/v2\/pages\/25"}],"wp:attachment":[{"href":"https:\/\/dt-report.de\/en\/wp-json\/wp\/v2\/media?parent=824"}],"curies":[{"name":"wp","href":"https:\/\/api.w.org\/{rel}","templated":true}]}}